{"id":6519,"date":"2024-12-17T13:57:45","date_gmt":"2024-12-17T13:57:45","guid":{"rendered":"https:\/\/drifthotels.com\/privacy-policy\/"},"modified":"2026-03-23T04:39:44","modified_gmt":"2026-03-23T04:39:44","slug":"privacy-policy","status":"publish","type":"page","link":"https:\/\/drifthotels.com\/pt-br\/privacy-policy\/","title":{"rendered":"Procurando Respostas?"},"content":{"rendered":"\t\t<div data-elementor-type=\"wp-page\" data-elementor-id=\"6519\" class=\"elementor elementor-6519 elementor-3\">\n\t\t\t\t\t\t<section class=\"elementor-section elementor-top-section elementor-element elementor-element-440e9a9 elementor-section-height-min-height cs-section-content-fullwidth cs-parallax-on-scroll cs_scroll_y_100 elementor-section-boxed elementor-section-height-default elementor-section-items-middle\" data-id=\"440e9a9\" data-element_type=\"section\" data-e-type=\"section\" data-settings=\"{&quot;background_background&quot;:&quot;classic&quot;}\" data-cs-parallax-y=\"100\" style=\"background-image: none;\" data-cs-background-image=\"https:\/\/drifthotels.com\/wp-content\/uploads\/2025\/09\/6-1.jpg\" data-cs-background-image-alt-text=\"about the hotel- drift hotel\">\n\t\t\t\t\t\t\t<div class=\"elementor-background-overlay\"><\/div>\n\t\t\t\t\t\t\t<div class=\"elementor-container elementor-column-gap-no\">\n\t\t\t\t\t<div class=\"elementor-column elementor-col-100 elementor-top-column elementor-element elementor-element-a17acfa dark-color\" data-id=\"a17acfa\" data-element_type=\"column\" data-e-type=\"column\">\n\t\t\t<div class=\"elementor-widget-wrap elementor-element-populated\">\n\t\t\t\t\t\t\t<\/div>\n\t\t<\/div>\n\t\t\t\t\t<\/div>\n\t\t<\/section>\n\t\t<div class=\"elementor-element elementor-element-71a7b5c e-flex e-con-boxed e-con e-parent\" data-id=\"71a7b5c\" data-element_type=\"container\" data-e-type=\"container\">\n\t\t\t\t\t<div class=\"e-con-inner\">\n\t\t\t\t<div class=\"elementor-element elementor-element-babacc3 elementor-widget elementor-widget-text-editor\" data-id=\"babacc3\" data-element_type=\"widget\" data-e-type=\"widget\" data-widget_type=\"text-editor.default\">\n\t\t\t\t<div class=\"elementor-widget-container\">\n\t\t\t\t\t\t\t\t\t<h1 data-section-id=\"r6fx4o\" data-start=\"210\" data-end=\"246\"><span role=\"text\"><strong data-start=\"217\" data-end=\"244\">POL\u00cdTICA DE PRIVACIDADE<\/strong><\/span><\/h1><p data-start=\"247\" data-end=\"278\"><em data-start=\"247\" data-end=\"278\">Atualizado em outubro de 2025<\/em><\/p><p data-start=\"280\" data-end=\"565\">Drift Hotels, Nieuw Kuikduin BV (doravante \u201cDrift\u201d), com sede em Frederikstraat 108-112, Willemstad (Cura\u00e7ao), elaborou esta pol\u00edtica de privacidade (\u201cPol\u00edtica\u201d) para informar sobre os princ\u00edpios de privacidade aplic\u00e1veis ao seu site (incluindo Drifthotels.com), aplicativo e servi\u00e7os.<\/p><p data-start=\"567\" data-end=\"646\">Algumas funcionalidades est\u00e3o dispon\u00edveis sem conta, mas outras exigem registo.<\/p><p data-start=\"648\" data-end=\"732\">Drift compromete-se a proteger a sua privacidade. Para d\u00favidas: <a class=\"decorated-link cursor-pointer\" rel=\"noopener\" data-start=\"712\" data-end=\"732\">stay@DriftHotels.com<\/a><\/p><p data-start=\"734\" data-end=\"777\">O site n\u00e3o se destina a menores de 18 anos.<\/p><h2 data-section-id=\"m0ztg4\" data-start=\"784\" data-end=\"800\"><span role=\"text\"><strong data-start=\"787\" data-end=\"800\">NAVEGA\u00c7\u00c3O<\/strong><\/span><\/h2><p data-start=\"802\" data-end=\"890\">O site n\u00e3o recolhe dados pessoais automaticamente, exceto se fornecidos voluntariamente.<\/p><p data-start=\"892\" data-end=\"980\">Dados t\u00e9cnicos como IP e tempo de acesso s\u00e3o utilizados para funcionamento e otimiza\u00e7\u00e3o.<\/p><h2 data-section-id=\"4nkjts\" data-start=\"987\" data-end=\"1015\"><span role=\"text\"><strong data-start=\"990\" data-end=\"1015\">COLETA DE INFORMA\u00c7\u00d5ES<\/strong><\/span><\/h2><p data-start=\"1017\" data-end=\"1052\">Podemos recolher dados quando voc\u00ea:<\/p><ul data-start=\"1054\" data-end=\"1118\"><li data-section-id=\"1ndlzra\" data-start=\"1054\" data-end=\"1068\">cria conta<\/li><li data-section-id=\"wq21m1\" data-start=\"1069\" data-end=\"1093\">subscreve newsletter<\/li><li data-section-id=\"1q7g76r\" data-start=\"1094\" data-end=\"1118\">preenche formul\u00e1rios<\/li><\/ul><p data-start=\"1120\" data-end=\"1177\">Inclui: nome, e-mail, telefone, pa\u00eds, dados de pagamento.<\/p><p data-start=\"1179\" data-end=\"1210\">N\u00e3o recolhemos dados sens\u00edveis.<\/p><h2 data-section-id=\"14hn6xa\" data-start=\"1217\" data-end=\"1243\"><span role=\"text\"><strong data-start=\"1220\" data-end=\"1243\">USO DAS INFORMA\u00c7\u00d5ES<\/strong><\/span><\/h2><p data-start=\"1245\" data-end=\"1266\">Usamos os dados para:<\/p><ul data-start=\"1268\" data-end=\"1387\"><li data-section-id=\"17fnvbb\" data-start=\"1268\" data-end=\"1290\">processar reservas<\/li><li data-section-id=\"1qwdptw\" data-start=\"1291\" data-end=\"1311\">enviar promo\u00e7\u00f5es<\/li><li data-section-id=\"eo8drk\" data-start=\"1312\" data-end=\"1336\">pesquisas de mercado<\/li><li data-section-id=\"1gp36z0\" data-start=\"1337\" data-end=\"1365\">personalizar experi\u00eancia<\/li><li data-section-id=\"p3mnwq\" data-start=\"1366\" data-end=\"1387\">melhorar servi\u00e7os<\/li><\/ul><p data-start=\"1389\" data-end=\"1426\">Dados s\u00e3o armazenados at\u00e9 <strong data-start=\"1415\" data-end=\"1425\">2 anos<\/strong>.<\/p><h2 data-section-id=\"eexl9b\" data-start=\"1433\" data-end=\"1462\"><span role=\"text\"><strong data-start=\"1436\" data-end=\"1462\">CANCELAMENTO DE E-MAIL<\/strong><\/span><\/h2><p data-start=\"1464\" data-end=\"1529\">Pode cancelar a subscri\u00e7\u00e3o a qualquer momento via link ou e-mail.<\/p><h2 data-section-id=\"114lgd9\" data-start=\"1536\" data-end=\"1561\"><span role=\"text\"><strong data-start=\"1539\" data-end=\"1561\">FOTOGRAFIA E V\u00cdDEO<\/strong><\/span><\/h2><p data-start=\"1563\" data-end=\"1617\">Permitido fotografar, mas respeitando outros h\u00f3spedes.<\/p><p data-start=\"1619\" data-end=\"1678\">Para grava\u00e7\u00f5es promocionais, pode optar por n\u00e3o participar.<\/p><h2 data-section-id=\"1exrwfz\" data-start=\"1685\" data-end=\"1711\"><span role=\"text\"><strong data-start=\"1688\" data-end=\"1711\">SEGURAN\u00c7A DOS DADOS<\/strong><\/span><\/h2><p data-start=\"1713\" data-end=\"1720\">Inclui:<\/p><ul data-start=\"1722\" data-end=\"1794\"><li data-section-id=\"u1d8ee\" data-start=\"1722\" data-end=\"1752\">monitoramento de seguran\u00e7a<\/li><li data-section-id=\"afjibt\" data-start=\"1753\" data-end=\"1773\">redes protegidas<\/li><li data-section-id=\"s7p6rx\" data-start=\"1774\" data-end=\"1794\">criptografia SSL<\/li><\/ul><h2 data-section-id=\"1p9u2fg\" data-start=\"1801\" data-end=\"1835\"><span role=\"text\"><strong data-start=\"1804\" data-end=\"1835\">TRANSFER\u00caNCIA INTERNACIONAL<\/strong><\/span><\/h2><p data-start=\"1837\" data-end=\"1904\">Dados podem ser transferidos para fora da UE com prote\u00e7\u00e3o adequada.<\/p><h2 data-section-id=\"4jxanx\" data-start=\"1911\" data-end=\"1940\"><span role=\"text\"><strong data-start=\"1914\" data-end=\"1940\">PARTILHA COM TERCEIROS<\/strong><\/span><\/h2><p data-start=\"1942\" data-end=\"2004\">Dados podem ser partilhados apenas para presta\u00e7\u00e3o de servi\u00e7os.<\/p><h2 data-section-id=\"13ehdgy\" data-start=\"2011\" data-end=\"2025\"><span role=\"text\"><strong data-start=\"2014\" data-end=\"2025\">COOKIES<\/strong><\/span><\/h2><p data-start=\"2027\" data-end=\"2043\">Utilizados para:<\/p><ul data-start=\"2045\" data-end=\"2102\"><li data-section-id=\"15ztxya\" data-start=\"2045\" data-end=\"2070\">funcionamento do site<\/li><li data-section-id=\"1y8p6yx\" data-start=\"2071\" data-end=\"2089\">personaliza\u00e7\u00e3o<\/li><li data-section-id=\"99j9hb\" data-start=\"2090\" data-end=\"2102\">reservas<\/li><\/ul><p data-start=\"2104\" data-end=\"2132\">Pode desativar no navegador.<\/p><h2 data-section-id=\"14axppt\" data-start=\"2139\" data-end=\"2166\"><span role=\"text\"><strong data-start=\"2142\" data-end=\"2166\">COOKIES DE TERCEIROS<\/strong><\/span><\/h2><p data-start=\"2168\" data-end=\"2176\">Incluem:<\/p><ul data-start=\"2178\" data-end=\"2236\"><li data-section-id=\"1li1d1z\" data-start=\"2178\" data-end=\"2198\">Google Analytics<\/li><li data-section-id=\"15brz0g\" data-start=\"2199\" data-end=\"2211\">Facebook<\/li><li data-section-id=\"9w772\" data-start=\"2212\" data-end=\"2224\">LinkedIn<\/li><li data-section-id=\"1jw7alp\" data-start=\"2225\" data-end=\"2236\">YouTube<\/li><\/ul><h2 data-section-id=\"19r98tq\" data-start=\"2243\" data-end=\"2263\"><span role=\"text\"><strong data-start=\"2246\" data-end=\"2263\">SEUS DIREITOS<\/strong><\/span><\/h2><p data-start=\"2265\" data-end=\"2309\">Direito de acesso e corre\u00e7\u00e3o dos seus dados.<\/p><h2 data-section-id=\"i0imm\" data-start=\"2316\" data-end=\"2333\"><span role=\"text\"><strong data-start=\"2319\" data-end=\"2333\">ALTERA\u00c7\u00d5ES<\/strong><\/span><\/h2><p data-start=\"2335\" data-end=\"2386\">Podemos atualizar esta pol\u00edtica a qualquer momento.<\/p>\t\t\t\t\t\t\t\t<\/div>\n\t\t\t\t<\/div>\n\t\t\t\t\t<\/div>\n\t\t\t\t<\/div>\n\t\t\t\t<\/div>\n\t\t","protected":false},"excerpt":{"rendered":"<p>POL\u00cdTICA DE PRIVACIDADE Atualizado em outubro de 2025 Drift Hotels, Nieuw Kuikduin BV (doravante \u201cDrift\u201d), com sede em Frederikstraat 108-112, Willemstad (Cura\u00e7ao), elaborou esta pol\u00edtica de privacidade (\u201cPol\u00edtica\u201d) para informar sobre os princ\u00edpios de privacidade aplic\u00e1veis ao seu site (incluindo Drifthotels.com), aplicativo e servi\u00e7os. Algumas funcionalidades est\u00e3o dispon\u00edveis sem conta, mas outras exigem registo. Drift &#8230;<\/p>\n","protected":false},"author":1,"featured_media":0,"parent":0,"menu_order":0,"comment_status":"closed","ping_status":"closed","template":"template-wide-content.php","meta":{"_monsterinsights_skip_tracking":false,"_monsterinsights_sitenote_active":false,"_monsterinsights_sitenote_note":"","_monsterinsights_sitenote_category":0,"cozystay_single_page_hide_site_header":"","cozystay_single_page_site_header_source":"","cozystay_single_page_custom_site_header":"0","cozystay_single_page_custom_sticky_site_header":"0","cozystay_single_page_hide_page_title":"","cozystay_single_page_header_section_size":"","cozystay_single_page_header_background_color":"","cozystay_single_page_header_background_position_x":"center","cozystay_single_page_header_background_position_y":"center","cozystay_single_page_header_background_size":"cover","cozystay_single_page_header_background_repeat":"off","cozystay_single_page_header_background_scroll":"on","cozystay_single_page_header_text_color":"","cozystay_single_page_header_show_breadcrumb":"","cozystay_single_page_site_footer_hide_main":"","cozystay_single_custom_site_footer_main_source":"","cozystay_single_custom_site_footer_main":"0","cozystay_single_page_site_footer_hide_above":"","cozystay_single_custom_site_footer_above_source":"","cozystay_single_custom_site_footer_above":"0","cozystay_single_page_site_footer_hide_instagram":"","cozystay_single_page_site_footer_hide_bottom":"","cozystay_single_custom_mobile_menu_source":"","cozystay_single_custom_mobile_menu":"0","cozystay_single_custom_mobile_menu_animation":"","cozystay_single_custom_mobile_menu_width":"","cozystay_single_custom_mobile_menu_custom_width":375,"footnotes":""},"class_list":["post-6519","page","type-page","status-publish","hentry"],"yoast_head":"<!-- This site is optimized with the Yoast SEO Premium plugin v27.4 (Yoast SEO v27.4) - https:\/\/yoast.com\/product\/yoast-seo-premium-wordpress\/ -->\n<title>Drift Hotels Privacy Policy | Your Data &amp; Privacy at Drifthotels.com<\/title>\n<meta name=\"description\" content=\"Read Drift Hotels\u2019 Privacy Policy to learn how we collect, use, and protect your personal data when visiting or booking on our site.\" \/>\n<meta name=\"robots\" content=\"index, follow, max-snippet:-1, max-image-preview:large, max-video-preview:-1\" \/>\n<link rel=\"canonical\" href=\"https:\/\/drifthotels.com\/pt-br\/privacy-policy\/\" \/>\n<meta property=\"og:locale\" content=\"pt_BR\" \/>\n<meta property=\"og:type\" content=\"article\" \/>\n<meta property=\"og:title\" content=\"Procurando Respostas?\" \/>\n<meta property=\"og:description\" content=\"Read Drift Hotels\u2019 Privacy Policy to learn how we collect, use, and protect your personal data when visiting or booking on our site.\" \/>\n<meta property=\"og:url\" content=\"https:\/\/drifthotels.com\/pt-br\/privacy-policy\/\" \/>\n<meta property=\"og:site_name\" content=\"Drift Hotels\" \/>\n<meta property=\"article:modified_time\" content=\"2026-03-23T04:39:44+00:00\" \/>\n<meta name=\"twitter:card\" content=\"summary_large_image\" \/>\n<meta name=\"twitter:label1\" content=\"Est. tempo de leitura\" \/>\n\t<meta name=\"twitter:data1\" content=\"2 minutos\" \/>\n<!-- \/ Yoast SEO Premium plugin. -->","yoast_head_json":{"title":"Drift Hotels Privacy Policy | Your Data & Privacy at Drifthotels.com","description":"Read Drift Hotels\u2019 Privacy Policy to learn how we collect, use, and protect your personal data when visiting or booking on our site.","robots":{"index":"index","follow":"follow","max-snippet":"max-snippet:-1","max-image-preview":"max-image-preview:large","max-video-preview":"max-video-preview:-1"},"canonical":"https:\/\/drifthotels.com\/pt-br\/privacy-policy\/","og_locale":"pt_BR","og_type":"article","og_title":"Procurando Respostas?","og_description":"Read Drift Hotels\u2019 Privacy Policy to learn how we collect, use, and protect your personal data when visiting or booking on our site.","og_url":"https:\/\/drifthotels.com\/pt-br\/privacy-policy\/","og_site_name":"Drift Hotels","article_modified_time":"2026-03-23T04:39:44+00:00","twitter_card":"summary_large_image","twitter_misc":{"Est. tempo de leitura":"2 minutos"},"schema":{"@context":"https:\/\/schema.org","@graph":[{"@type":"WebPage","@id":"https:\/\/drifthotels.com\/pt-br\/privacy-policy\/","url":"https:\/\/drifthotels.com\/pt-br\/privacy-policy\/","name":"Drift Hotels Privacy Policy | Your Data & Privacy at Drifthotels.com","isPartOf":{"@id":"https:\/\/drifthotels.com\/#website"},"datePublished":"2024-12-17T13:57:45+00:00","dateModified":"2026-03-23T04:39:44+00:00","description":"Read Drift Hotels\u2019 Privacy Policy to learn how we collect, use, and protect your personal data when visiting or booking on our site.","breadcrumb":{"@id":"https:\/\/drifthotels.com\/pt-br\/privacy-policy\/#breadcrumb"},"inLanguage":"pt-BR","potentialAction":[{"@type":"ReadAction","target":["https:\/\/drifthotels.com\/pt-br\/privacy-policy\/"]}]},{"@type":"BreadcrumbList","@id":"https:\/\/drifthotels.com\/pt-br\/privacy-policy\/#breadcrumb","itemListElement":[{"@type":"ListItem","position":1,"name":"Home","item":"https:\/\/drifthotels.com\/"},{"@type":"ListItem","position":2,"name":"Procurando Respostas?"}]},{"@type":"WebSite","@id":"https:\/\/drifthotels.com\/#website","url":"https:\/\/drifthotels.com\/","name":"Drift Hotels","description":"STAY. CONNECT. DRIFT.","publisher":{"@id":"https:\/\/drifthotels.com\/#organization"},"potentialAction":[{"@type":"SearchAction","target":{"@type":"EntryPoint","urlTemplate":"https:\/\/drifthotels.com\/?s={search_term_string}"},"query-input":{"@type":"PropertyValueSpecification","valueRequired":true,"valueName":"search_term_string"}}],"inLanguage":"pt-BR"},{"@type":"Organization","@id":"https:\/\/drifthotels.com\/#organization","name":"Drift Hotels","url":"https:\/\/drifthotels.com\/","logo":{"@type":"ImageObject","inLanguage":"pt-BR","@id":"https:\/\/drifthotels.com\/#\/schema\/logo\/image\/","url":"https:\/\/drifthotels.com\/wp-content\/uploads\/2024\/12\/cropped-drift-logo.png","contentUrl":"https:\/\/drifthotels.com\/wp-content\/uploads\/2024\/12\/cropped-drift-logo.png","width":2203,"height":673,"caption":"Drift Hotels"},"image":{"@id":"https:\/\/drifthotels.com\/#\/schema\/logo\/image\/"}}]}},"_links":{"self":[{"href":"https:\/\/drifthotels.com\/pt-br\/wp-json\/wp\/v2\/pages\/6519","targetHints":{"allow":["GET"]}}],"collection":[{"href":"https:\/\/drifthotels.com\/pt-br\/wp-json\/wp\/v2\/pages"}],"about":[{"href":"https:\/\/drifthotels.com\/pt-br\/wp-json\/wp\/v2\/types\/page"}],"author":[{"embeddable":true,"href":"https:\/\/drifthotels.com\/pt-br\/wp-json\/wp\/v2\/users\/1"}],"replies":[{"embeddable":true,"href":"https:\/\/drifthotels.com\/pt-br\/wp-json\/wp\/v2\/comments?post=6519"}],"version-history":[{"count":6,"href":"https:\/\/drifthotels.com\/pt-br\/wp-json\/wp\/v2\/pages\/6519\/revisions"}],"predecessor-version":[{"id":7027,"href":"https:\/\/drifthotels.com\/pt-br\/wp-json\/wp\/v2\/pages\/6519\/revisions\/7027"}],"wp:attachment":[{"href":"https:\/\/drifthotels.com\/pt-br\/wp-json\/wp\/v2\/media?parent=6519"}],"curies":[{"name":"wp","href":"https:\/\/api.w.org\/{rel}","templated":true}]}}