{"id":5334,"date":"2025-03-21T11:12:29","date_gmt":"2025-03-21T11:12:29","guid":{"rendered":"https:\/\/drifthotels.com\/culture\/"},"modified":"2026-03-23T04:35:09","modified_gmt":"2026-03-23T04:35:09","slug":"culture","status":"publish","type":"page","link":"https:\/\/drifthotels.com\/pt-br\/culture\/","title":{"rendered":"Cultura"},"content":{"rendered":"\t\t<div data-elementor-type=\"wp-page\" data-elementor-id=\"5334\" class=\"elementor elementor-5334 elementor-2836\">\n\t\t\t\t\t\t<section class=\"elementor-section elementor-top-section elementor-element elementor-element-a2554e7 elementor-section-height-min-height cs-section-content-fullwidth cs-parallax-on-scroll cs_scroll_y_80 elementor-section-boxed elementor-section-height-default elementor-section-items-middle\" data-id=\"a2554e7\" data-element_type=\"section\" data-e-type=\"section\" data-settings=\"{&quot;background_background&quot;:&quot;classic&quot;}\" data-cs-parallax-y=\"80\" style=\"background-image: none;\" data-cs-background-image=\"https:\/\/drifthotels.com\/wp-content\/uploads\/2025\/05\/20250227\u00a9ingevanaltena_068.jpg\" data-cs-background-image-alt-text=\"culture drift hotel\">\n\t\t\t\t\t\t\t<div class=\"elementor-background-overlay\"><\/div>\n\t\t\t\t\t\t\t<div class=\"elementor-container elementor-column-gap-no\">\n\t\t\t\t\t<div class=\"elementor-column elementor-col-100 elementor-top-column elementor-element elementor-element-4bf78b4 dark-color\" data-id=\"4bf78b4\" data-element_type=\"column\" data-e-type=\"column\">\n\t\t\t<div class=\"elementor-widget-wrap elementor-element-populated\">\n\t\t\t\t\t\t<div class=\"elementor-element elementor-element-023f89d elementor-widget elementor-widget-cs_title\" data-id=\"023f89d\" data-element_type=\"widget\" data-e-type=\"widget\" data-widget_type=\"cs_title.default\">\n\t\t\t\t<div class=\"elementor-widget-container\">\n\t\t\t\t\t\n        <div class=\"cs-title-wrap text-center\">\t            <h1 class=\"cs-title\">\n\t                CULTURA\t            <\/h1>        <\/div>\t\t\t\t<\/div>\n\t\t\t\t<\/div>\n\t\t\t\t\t<\/div>\n\t\t<\/div>\n\t\t\t\t\t<\/div>\n\t\t<\/section>\n\t\t\t\t<section class=\"elementor-section elementor-top-section elementor-element elementor-element-fe58bd4 elementor-section-full_width elementor-section-content-middle animated-slow elementor-section-height-default elementor-section-height-default elementor-invisible\" data-id=\"fe58bd4\" data-element_type=\"section\" data-e-type=\"section\" data-settings=\"{&quot;background_background&quot;:&quot;classic&quot;,&quot;animation&quot;:&quot;fadeIn&quot;,&quot;animation_delay&quot;:150}\">\n\t\t\t\t\t\t<div class=\"elementor-container elementor-column-gap-no\">\n\t\t\t\t\t<div class=\"elementor-column elementor-col-66 elementor-top-column elementor-element elementor-element-9f5e648\" data-id=\"9f5e648\" data-element_type=\"column\" data-e-type=\"column\">\n\t\t\t<div class=\"elementor-widget-wrap elementor-element-populated\">\n\t\t\t\t\t\t<div class=\"elementor-element elementor-element-7815283 elementor-widget elementor-widget-cs_title\" data-id=\"7815283\" data-element_type=\"widget\" data-e-type=\"widget\" data-widget_type=\"cs_title.default\">\n\t\t\t\t<div class=\"elementor-widget-container\">\n\t\t\t\t\t\n        <div class=\"cs-title-wrap text-left\">\t            <h2 class=\"cs-title\">\n\t                ARTE NO CORA\u00c7\u00c3O\t            <\/h2>\t            <div class=\"cs-title-text\">\n\t                <p>No Drift, pode dar por si a partilhar a sua estadia com um artista. Colaboramos estreitamente com criativos numa vasta gama de atividades culturais de pequena escala e alta qualidade, incluindo exposi\u00e7\u00f5es, palestras, noites de poesia, m\u00fasica ao vivo e, ocasionalmente, apresenta\u00e7\u00f5es do nosso artista em resid\u00eancia. <\/p><p>Estas atividades sem fins lucrativos s\u00e3o financiadas atrav\u00e9s de uma percentagem da receita do hotel. Isto permite-nos garantir a continuidade de um programa cultural n\u00e3o subsidiado, enquanto reinvestimos localmente e chegamos a pessoas de todos os quadrantes da vida. A comunidade local \u00e9 sempre bem-vinda. Chamamos-lhe \u2018gentlification\u2019, um trocadilho com gentrifica\u00e7\u00e3o.  <\/p>\t            <\/div>        <\/div>\t\t\t\t<\/div>\n\t\t\t\t<\/div>\n\t\t\t\t<div class=\"elementor-element elementor-element-c4b8ab6 elementor-widget elementor-widget-spacer\" data-id=\"c4b8ab6\" data-element_type=\"widget\" data-e-type=\"widget\" data-widget_type=\"spacer.default\">\n\t\t\t\t<div class=\"elementor-widget-container\">\n\t\t\t\t\t\t\t<div class=\"elementor-spacer\">\n\t\t\t<div class=\"elementor-spacer-inner\"><\/div>\n\t\t<\/div>\n\t\t\t\t\t\t<\/div>\n\t\t\t\t<\/div>\n\t\t\t\t<div class=\"elementor-element elementor-element-9007787 elementor-widget elementor-widget-cs_title\" data-id=\"9007787\" data-element_type=\"widget\" data-e-type=\"widget\" data-widget_type=\"cs_title.default\">\n\t\t\t\t<div class=\"elementor-widget-container\">\n\t\t\t\t\t\n        <div class=\"cs-title-wrap text-left\">\t            <h2 class=\"cs-title\">\n\t                ARTISTA EM RESID\u00caNCIA\t            <\/h2>\t            <div class=\"cs-title-text\">\n\t                <p>Are you a poet, a painter or a performer? Whatever you are trying to create, we can make you feel at home, so that you can keep on spreading marvelous wonderment and iconic art. You can spend your days in our building and our unique neighborhood of Ser\u2019i Otrobanda, inspiring opportunities await at every corner, as well as connections to local artists in our network.  <\/p><p>Isto soa como o seu tipo de inspira\u00e7\u00e3o? Envie-nos um e-mail com o que gostaria de criar e quando. Entraremos em contacto se precisarmos de mais informa\u00e7\u00f5es ou assim que for selecionado. Adoramos fomentar a cultura.   <\/p>\t            <\/div>        <\/div>\t\t\t\t<\/div>\n\t\t\t\t<\/div>\n\t\t\t\t<div class=\"elementor-element elementor-element-93b7445 elementor-widget elementor-widget-spacer\" data-id=\"93b7445\" data-element_type=\"widget\" data-e-type=\"widget\" data-widget_type=\"spacer.default\">\n\t\t\t\t<div class=\"elementor-widget-container\">\n\t\t\t\t\t\t\t<div class=\"elementor-spacer\">\n\t\t\t<div class=\"elementor-spacer-inner\"><\/div>\n\t\t<\/div>\n\t\t\t\t\t\t<\/div>\n\t\t\t\t<\/div>\n\t\t\t\t<div class=\"elementor-element elementor-element-32e7638 elementor-widget elementor-widget-cs_title\" data-id=\"32e7638\" data-element_type=\"widget\" data-e-type=\"widget\" data-widget_type=\"cs_title.default\">\n\t\t\t\t<div class=\"elementor-widget-container\">\n\t\t\t\t\t\n        <div class=\"cs-title-wrap text-left\">\t            <h2 class=\"cs-title\">\n\t                MACHIEL HAGEDOORN\t            <\/h2>\t            <div class=\"cs-title-text\">\n\t                <p>Por todo o nosso monumento, encontrar\u00e1 obras do nosso tio, Machiel Hagedoorn (1911-1988), um conceituado pintor impressionista. Nascido em Roterd\u00e3o em 1911, estudou na academia de arte antes da Segunda Guerra Mundial e mais tarde come\u00e7ou a trabalhar na Shell Cura\u00e7ao.   <\/p><p>Na Shell, ganhou a alcunha de &#8220;o carpinteiro com tinta&#8221;, pois trabalhava como carpinteiro ao mesmo tempo que ganhava reconhecimento como cen\u00f3grafo de teatro e como artista independente. Hagedoorn reformou-se por volta de 1962 e regressou \u00e0 Holanda. Parou de pintar a \u00f3leo porque sentia que o clima mais frio impedia a tinta de secar corretamente. Os desenhos a l\u00e1pis e aguarelas que criou depois disso s\u00e3o de uma qualidade not\u00e1vel.  <\/p><p>Como tributo ao seu legado, orgulhamo-nos de partilhar uma pequena sele\u00e7\u00e3o da nossa cole\u00e7\u00e3o familiar<\/p>\t            <\/div>        <\/div>\t\t\t\t<\/div>\n\t\t\t\t<\/div>\n\t\t\t\t\t<\/div>\n\t\t<\/div>\n\t\t\t\t<div class=\"elementor-column elementor-col-33 elementor-top-column elementor-element elementor-element-109f45e\" data-id=\"109f45e\" data-element_type=\"column\" data-e-type=\"column\" data-settings=\"{&quot;background_background&quot;:&quot;classic&quot;}\">\n\t\t\t<div class=\"elementor-widget-wrap elementor-element-populated\">\n\t\t\t\t\t\t<section class=\"elementor-section elementor-inner-section elementor-element elementor-element-e25ec93 elementor-section-boxed elementor-section-height-default elementor-section-height-default\" data-id=\"e25ec93\" data-element_type=\"section\" data-e-type=\"section\">\n\t\t\t\t\t\t<div class=\"elementor-container elementor-column-gap-no\">\n\t\t\t\t\t<div class=\"elementor-column elementor-col-100 elementor-inner-column elementor-element elementor-element-61a13d2\" data-id=\"61a13d2\" data-element_type=\"column\" data-e-type=\"column\" data-settings=\"{&quot;background_background&quot;:&quot;classic&quot;}\">\n\t\t\t<div class=\"elementor-widget-wrap elementor-element-populated\">\n\t\t\t\t\t\t<div class=\"elementor-element elementor-element-6c4817d elementor-widget elementor-widget-cs_title\" data-id=\"6c4817d\" data-element_type=\"widget\" data-e-type=\"widget\" data-widget_type=\"cs_title.default\">\n\t\t\t\t<div class=\"elementor-widget-container\">\n\t\t\t\t\t\n        <div class=\"cs-title-wrap text-left\">\t            <h6 class=\"cs-title\">\n\t                Investiga\u00e7\u00e3o\t            <\/h6>        <\/div>\t\t\t\t<\/div>\n\t\t\t\t<\/div>\n\t\t\t\t<div class=\"elementor-element elementor-element-d4b715b elementor-widget elementor-widget-cs_list\" data-id=\"d4b715b\" data-element_type=\"widget\" data-e-type=\"widget\" data-widget_type=\"cs_list.default\">\n\t\t\t\t<div class=\"elementor-widget-container\">\n\t\t\t\t\t\n            <ul class=\"cs-list cs-list-type-unordered\">                <li>                        <span class=\"list-icon color-primary\">\n                            <svg aria-hidden=\"true\" class=\"e-font-icon-svg e-fas-circle\" viewBox=\"0 0 512 512\" xmlns=\"http:\/\/www.w3.org\/2000\/svg\"><path d=\"M256 8C119 8 8 119 8 256s111 248 248 248 248-111 248-248S393 8 256 8z\"><\/path><\/svg>                        <\/span>                    <span class=\"list-content\">E-mail: Stay@DriftHotels.com<\/span>                        <a class=\"list-link\" href=\"mailto:Stay@DriftHotels.com\" aria-label=\"List Item Link\"><\/a>                <\/li>            <\/ul>\t\t\t\t<\/div>\n\t\t\t\t<\/div>\n\t\t\t\t<div class=\"elementor-element elementor-element-dfceeec elementor-position-inline-start elementor-mobile-position-inline-start elementor-view-default elementor-widget elementor-widget-icon-box\" data-id=\"dfceeec\" data-element_type=\"widget\" data-e-type=\"widget\" data-widget_type=\"icon-box.default\">\n\t\t\t\t<div class=\"elementor-widget-container\">\n\t\t\t\t\t\t\t<div class=\"elementor-icon-box-wrapper\">\n\n\t\t\t\t\t\t<div class=\"elementor-icon-box-icon\">\n\t\t\t\t<span  class=\"elementor-icon\">\n\t\t\t\t<svg aria-hidden=\"true\" class=\"e-font-icon-svg e-fas-phone-alt\" viewBox=\"0 0 512 512\" xmlns=\"http:\/\/www.w3.org\/2000\/svg\"><path d=\"M497.39 361.8l-112-48a24 24 0 0 0-28 6.9l-49.6 60.6A370.66 370.66 0 0 1 130.6 204.11l60.6-49.6a23.94 23.94 0 0 0 6.9-28l-48-112A24.16 24.16 0 0 0 122.6.61l-104 24A24 24 0 0 0 0 48c0 256.5 207.9 464 464 464a24 24 0 0 0 23.4-18.6l24-104a24.29 24.29 0 0 0-14.01-27.6z\"><\/path><\/svg>\t\t\t\t<\/span>\n\t\t\t<\/div>\n\t\t\t\n\t\t\t\t\t\t<div class=\"elementor-icon-box-content\">\n\n\t\t\t\t\t\t\t\t\t<div class=\"elementor-icon-box-title\">\n\t\t\t\t\t\t<span  >\n\t\t\t\t\t\t\tInforma\u00e7\u00f5es por telefone\t\t\t\t\t\t<\/span>\n\t\t\t\t\t<\/div>\n\t\t\t\t\n\t\t\t\t\t\t\t\t\t<p class=\"elementor-icon-box-description\">\n\t\t\t\t\t\t<a href=\"tel:+59996981415\">+599 9 698 1415<\/a>\t\t\t\t\t<\/p>\n\t\t\t\t\n\t\t\t<\/div>\n\t\t\t\n\t\t<\/div>\n\t\t\t\t\t\t<\/div>\n\t\t\t\t<\/div>\n\t\t\t\t\t<\/div>\n\t\t<\/div>\n\t\t\t\t\t<\/div>\n\t\t<\/section>\n\t\t\t\t\t<\/div>\n\t\t<\/div>\n\t\t\t\t\t<\/div>\n\t\t<\/section>\n\t\t\t\t<section class=\"elementor-section elementor-top-section elementor-element elementor-element-a06b5ad elementor-section-full_width elementor-section-height-default elementor-section-height-default\" data-id=\"a06b5ad\" data-element_type=\"section\" data-e-type=\"section\">\n\t\t\t\t\t\t<div class=\"elementor-container elementor-column-gap-no\">\n\t\t\t\t\t<div class=\"elementor-column elementor-col-100 elementor-top-column elementor-element elementor-element-8108a43\" data-id=\"8108a43\" data-element_type=\"column\" data-e-type=\"column\">\n\t\t\t<div class=\"elementor-widget-wrap elementor-element-populated\">\n\t\t\t\t\t\t<div class=\"elementor-element elementor-element-0214a61 elementor-invisible elementor-widget elementor-widget-cs_gallery\" data-id=\"0214a61\" data-element_type=\"widget\" data-e-type=\"widget\" data-settings=\"{&quot;_animation&quot;:&quot;fadeIn&quot;,&quot;_animation_delay&quot;:150}\" data-widget_type=\"cs_gallery.default\">\n\t\t\t\t<div class=\"elementor-widget-container\">\n\t\t\t\t\t\n            <div class=\"cs-gallery gap-2 gallery-carousel slider-dots-overlap\" data-column=\"2\" data-fade=\"\" data-autoplay=\"on\" data-autoplay-speed=\"5000\" data-show-arrows=\"on\" data-show-dots=\"on\" data-variable-width=\"off\" data-overflow-style=\"\" data-center-mode=\"off\">\n                <div class=\"cs-gallery-wrap\">                    <div class=\"cs-gallery-item\">                            <a href=\"https:\/\/drifthotels.com\/wp-content\/uploads\/2025\/05\/20250227\u00a9ingevanaltena_094.jpg\" data-elementor-open-lightbox=\"yes\" data-elementor-lightbox-slideshow=\"0214a61\" data-elementor-lightbox-title=\"20250227\u00a9ingevanaltena_094\" data-e-action-hash=\"#elementor-action%3Aaction%3Dlightbox%26settings%3DeyJpZCI6NTMzMiwidXJsIjoiaHR0cHM6XC9cL2RyaWZ0aG90ZWxzLmNvbVwvd3AtY29udGVudFwvdXBsb2Fkc1wvMjAyNVwvMDVcLzIwMjUwMjI3XHUwMGE5aW5nZXZhbmFsdGVuYV8wOTQuanBnIiwic2xpZGVzaG93IjoiMDIxNGE2MSJ9\" aria-label=\"Image\"><img fetchpriority=\"high\" decoding=\"async\" width=\"1054\" height=\"702\" src=\"https:\/\/drifthotels.com\/wp-content\/uploads\/2025\/05\/20250227\u00a9ingevanaltena_094.jpg\" class=\"attachment-full size-full wp-image-5332\" alt=\"Culture drift hotel\" srcset=\"https:\/\/drifthotels.com\/wp-content\/uploads\/2025\/05\/20250227\u00a9ingevanaltena_094.jpg 1054w, https:\/\/drifthotels.com\/wp-content\/uploads\/2025\/05\/20250227\u00a9ingevanaltena_094-300x200.jpg 300w, https:\/\/drifthotels.com\/wp-content\/uploads\/2025\/05\/20250227\u00a9ingevanaltena_094-1024x682.jpg 1024w, https:\/\/drifthotels.com\/wp-content\/uploads\/2025\/05\/20250227\u00a9ingevanaltena_094-768x512.jpg 768w, https:\/\/drifthotels.com\/wp-content\/uploads\/2025\/05\/20250227\u00a9ingevanaltena_094-780x520.jpg 780w, https:\/\/drifthotels.com\/wp-content\/uploads\/2025\/05\/20250227\u00a9ingevanaltena_094-600x400.jpg 600w, https:\/\/drifthotels.com\/wp-content\/uploads\/2025\/05\/20250227\u00a9ingevanaltena_094-550x366.jpg 550w, https:\/\/drifthotels.com\/wp-content\/uploads\/2025\/05\/20250227\u00a9ingevanaltena_094-370x246.jpg 370w, https:\/\/drifthotels.com\/wp-content\/uploads\/2025\/05\/20250227\u00a9ingevanaltena_094-255x170.jpg 255w, https:\/\/drifthotels.com\/wp-content\/uploads\/2025\/05\/20250227\u00a9ingevanaltena_094-150x100.jpg 150w\" sizes=\"(max-width: 1054px) 100vw, 1054px\" \/><\/a>                    <\/div>                    <div class=\"cs-gallery-item\">                            <a href=\"https:\/\/drifthotels.com\/wp-content\/uploads\/2025\/05\/20250227\u00a9ingevanaltena_068.jpg\" data-elementor-open-lightbox=\"yes\" data-elementor-lightbox-slideshow=\"0214a61\" data-elementor-lightbox-title=\"20250227\u00a9ingevanaltena_068\" data-e-action-hash=\"#elementor-action%3Aaction%3Dlightbox%26settings%3DeyJpZCI6NTMzMywidXJsIjoiaHR0cHM6XC9cL2RyaWZ0aG90ZWxzLmNvbVwvd3AtY29udGVudFwvdXBsb2Fkc1wvMjAyNVwvMDVcLzIwMjUwMjI3XHUwMGE5aW5nZXZhbmFsdGVuYV8wNjguanBnIiwic2xpZGVzaG93IjoiMDIxNGE2MSJ9\" aria-label=\"Image\"><img decoding=\"async\" width=\"1122\" height=\"748\" src=\"https:\/\/drifthotels.com\/wp-content\/uploads\/2025\/05\/20250227\u00a9ingevanaltena_068.jpg\" class=\"attachment-full size-full wp-image-5333\" alt=\"culture drift hotel\" srcset=\"https:\/\/drifthotels.com\/wp-content\/uploads\/2025\/05\/20250227\u00a9ingevanaltena_068.jpg 1122w, https:\/\/drifthotels.com\/wp-content\/uploads\/2025\/05\/20250227\u00a9ingevanaltena_068-300x200.jpg 300w, https:\/\/drifthotels.com\/wp-content\/uploads\/2025\/05\/20250227\u00a9ingevanaltena_068-1024x683.jpg 1024w, https:\/\/drifthotels.com\/wp-content\/uploads\/2025\/05\/20250227\u00a9ingevanaltena_068-768x512.jpg 768w, https:\/\/drifthotels.com\/wp-content\/uploads\/2025\/05\/20250227\u00a9ingevanaltena_068-780x520.jpg 780w, https:\/\/drifthotels.com\/wp-content\/uploads\/2025\/05\/20250227\u00a9ingevanaltena_068-600x400.jpg 600w, https:\/\/drifthotels.com\/wp-content\/uploads\/2025\/05\/20250227\u00a9ingevanaltena_068-550x367.jpg 550w, https:\/\/drifthotels.com\/wp-content\/uploads\/2025\/05\/20250227\u00a9ingevanaltena_068-370x247.jpg 370w, https:\/\/drifthotels.com\/wp-content\/uploads\/2025\/05\/20250227\u00a9ingevanaltena_068-255x170.jpg 255w, https:\/\/drifthotels.com\/wp-content\/uploads\/2025\/05\/20250227\u00a9ingevanaltena_068-150x100.jpg 150w\" sizes=\"(max-width: 1122px) 100vw, 1122px\" \/><\/a>                    <\/div>                <\/div>\n            <\/div>\t\t\t\t<\/div>\n\t\t\t\t<\/div>\n\t\t\t\t\t<\/div>\n\t\t<\/div>\n\t\t\t\t\t<\/div>\n\t\t<\/section>\n\t\t\t\t<\/div>\n\t\t","protected":false},"excerpt":{"rendered":"<p>CULTURA ARTE NO CORA\u00c7\u00c3O No Drift, pode dar por si a partilhar a sua estadia com um artista. Colaboramos estreitamente com criativos numa vasta gama de atividades culturais de pequena escala e alta qualidade, incluindo exposi\u00e7\u00f5es, palestras, noites de poesia, m\u00fasica ao vivo e, ocasionalmente, apresenta\u00e7\u00f5es do nosso artista em resid\u00eancia. Estas atividades sem fins &#8230;<\/p>\n","protected":false},"author":1,"featured_media":0,"parent":0,"menu_order":0,"comment_status":"closed","ping_status":"closed","template":"template-wide-content.php","meta":{"_monsterinsights_skip_tracking":false,"_monsterinsights_sitenote_active":false,"_monsterinsights_sitenote_note":"","_monsterinsights_sitenote_category":0,"cozystay_single_page_hide_site_header":"","cozystay_single_page_site_header_source":"","cozystay_single_page_custom_site_header":"0","cozystay_single_page_custom_sticky_site_header":"0","cozystay_single_page_hide_page_title":"","cozystay_single_page_header_section_size":"","cozystay_single_page_header_background_color":"","cozystay_single_page_header_background_position_x":"center","cozystay_single_page_header_background_position_y":"center","cozystay_single_page_header_background_size":"cover","cozystay_single_page_header_background_repeat":"off","cozystay_single_page_header_background_scroll":"on","cozystay_single_page_header_text_color":"","cozystay_single_page_header_show_breadcrumb":"","cozystay_single_page_site_footer_hide_main":"","cozystay_single_custom_site_footer_main_source":"","cozystay_single_custom_site_footer_main":"0","cozystay_single_page_site_footer_hide_above":"","cozystay_single_custom_site_footer_above_source":"","cozystay_single_custom_site_footer_above":"0","cozystay_single_page_site_footer_hide_instagram":"","cozystay_single_page_site_footer_hide_bottom":"","cozystay_single_custom_mobile_menu_source":"","cozystay_single_custom_mobile_menu":"0","cozystay_single_custom_mobile_menu_animation":"","cozystay_single_custom_mobile_menu_width":"","cozystay_single_custom_mobile_menu_custom_width":375,"footnotes":""},"class_list":["post-5334","page","type-page","status-publish","hentry"],"yoast_head":"<!-- This site is optimized with the Yoast SEO Premium plugin v27.4 (Yoast SEO v27.4) - https:\/\/yoast.com\/product\/yoast-seo-premium-wordpress\/ -->\n<title>Drift Hotels Culture | Art, Events &amp; Local Engagement in Cura\u00e7ao<\/title>\n<meta name=\"description\" content=\"Explore Drift Hotels\u2019 culture in Cura\u00e7ao \u2014 art showcases, live events, community programs, and creative experiences rooted in local life.\" \/>\n<meta name=\"robots\" content=\"index, follow, max-snippet:-1, max-image-preview:large, max-video-preview:-1\" \/>\n<link rel=\"canonical\" href=\"https:\/\/drifthotels.com\/pt-br\/culture\/\" \/>\n<meta property=\"og:locale\" content=\"pt_BR\" \/>\n<meta property=\"og:type\" content=\"article\" \/>\n<meta property=\"og:title\" content=\"Cultura\" \/>\n<meta property=\"og:description\" content=\"Explore Drift Hotels\u2019 culture in Cura\u00e7ao \u2014 art showcases, live events, community programs, and creative experiences rooted in local life.\" \/>\n<meta property=\"og:url\" content=\"https:\/\/drifthotels.com\/pt-br\/culture\/\" \/>\n<meta property=\"og:site_name\" content=\"Drift Hotels\" \/>\n<meta property=\"article:modified_time\" content=\"2026-03-23T04:35:09+00:00\" \/>\n<meta name=\"twitter:card\" content=\"summary_large_image\" \/>\n<meta name=\"twitter:label1\" content=\"Est. tempo de leitura\" \/>\n\t<meta name=\"twitter:data1\" content=\"2 minutos\" \/>\n<!-- \/ Yoast SEO Premium plugin. -->","yoast_head_json":{"title":"Drift Hotels Culture | Art, Events & Local Engagement in Cura\u00e7ao","description":"Explore Drift Hotels\u2019 culture in Cura\u00e7ao \u2014 art showcases, live events, community programs, and creative experiences rooted in local life.","robots":{"index":"index","follow":"follow","max-snippet":"max-snippet:-1","max-image-preview":"max-image-preview:large","max-video-preview":"max-video-preview:-1"},"canonical":"https:\/\/drifthotels.com\/pt-br\/culture\/","og_locale":"pt_BR","og_type":"article","og_title":"Cultura","og_description":"Explore Drift Hotels\u2019 culture in Cura\u00e7ao \u2014 art showcases, live events, community programs, and creative experiences rooted in local life.","og_url":"https:\/\/drifthotels.com\/pt-br\/culture\/","og_site_name":"Drift Hotels","article_modified_time":"2026-03-23T04:35:09+00:00","twitter_card":"summary_large_image","twitter_misc":{"Est. tempo de leitura":"2 minutos"},"schema":{"@context":"https:\/\/schema.org","@graph":[{"@type":"WebPage","@id":"https:\/\/drifthotels.com\/pt-br\/culture\/","url":"https:\/\/drifthotels.com\/pt-br\/culture\/","name":"Drift Hotels Culture | Art, Events & Local Engagement in Cura\u00e7ao","isPartOf":{"@id":"https:\/\/drifthotels.com\/#website"},"datePublished":"2025-03-21T11:12:29+00:00","dateModified":"2026-03-23T04:35:09+00:00","description":"Explore Drift Hotels\u2019 culture in Cura\u00e7ao \u2014 art showcases, live events, community programs, and creative experiences rooted in local life.","breadcrumb":{"@id":"https:\/\/drifthotels.com\/pt-br\/culture\/#breadcrumb"},"inLanguage":"pt-BR","potentialAction":[{"@type":"ReadAction","target":["https:\/\/drifthotels.com\/pt-br\/culture\/"]}]},{"@type":"BreadcrumbList","@id":"https:\/\/drifthotels.com\/pt-br\/culture\/#breadcrumb","itemListElement":[{"@type":"ListItem","position":1,"name":"Home","item":"https:\/\/drifthotels.com\/"},{"@type":"ListItem","position":2,"name":"Cultura"}]},{"@type":"WebSite","@id":"https:\/\/drifthotels.com\/#website","url":"https:\/\/drifthotels.com\/","name":"Drift Hotels","description":"STAY. CONNECT. DRIFT.","publisher":{"@id":"https:\/\/drifthotels.com\/#organization"},"potentialAction":[{"@type":"SearchAction","target":{"@type":"EntryPoint","urlTemplate":"https:\/\/drifthotels.com\/?s={search_term_string}"},"query-input":{"@type":"PropertyValueSpecification","valueRequired":true,"valueName":"search_term_string"}}],"inLanguage":"pt-BR"},{"@type":"Organization","@id":"https:\/\/drifthotels.com\/#organization","name":"Drift Hotels","url":"https:\/\/drifthotels.com\/","logo":{"@type":"ImageObject","inLanguage":"pt-BR","@id":"https:\/\/drifthotels.com\/#\/schema\/logo\/image\/","url":"https:\/\/drifthotels.com\/wp-content\/uploads\/2024\/12\/cropped-drift-logo.png","contentUrl":"https:\/\/drifthotels.com\/wp-content\/uploads\/2024\/12\/cropped-drift-logo.png","width":2203,"height":673,"caption":"Drift Hotels"},"image":{"@id":"https:\/\/drifthotels.com\/#\/schema\/logo\/image\/"}}]}},"_links":{"self":[{"href":"https:\/\/drifthotels.com\/pt-br\/wp-json\/wp\/v2\/pages\/5334","targetHints":{"allow":["GET"]}}],"collection":[{"href":"https:\/\/drifthotels.com\/pt-br\/wp-json\/wp\/v2\/pages"}],"about":[{"href":"https:\/\/drifthotels.com\/pt-br\/wp-json\/wp\/v2\/types\/page"}],"author":[{"embeddable":true,"href":"https:\/\/drifthotels.com\/pt-br\/wp-json\/wp\/v2\/users\/1"}],"replies":[{"embeddable":true,"href":"https:\/\/drifthotels.com\/pt-br\/wp-json\/wp\/v2\/comments?post=5334"}],"version-history":[{"count":4,"href":"https:\/\/drifthotels.com\/pt-br\/wp-json\/wp\/v2\/pages\/5334\/revisions"}],"predecessor-version":[{"id":7024,"href":"https:\/\/drifthotels.com\/pt-br\/wp-json\/wp\/v2\/pages\/5334\/revisions\/7024"}],"wp:attachment":[{"href":"https:\/\/drifthotels.com\/pt-br\/wp-json\/wp\/v2\/media?parent=5334"}],"curies":[{"name":"wp","href":"https:\/\/api.w.org\/{rel}","templated":true}]}}