{"id":5275,"date":"2023-03-17T07:55:12","date_gmt":"2023-03-17T07:55:12","guid":{"rendered":"https:\/\/drifthotels.com\/a-nossa-historia\/"},"modified":"2026-03-23T04:32:45","modified_gmt":"2026-03-23T04:32:45","slug":"a-nossa-historia","status":"publish","type":"page","link":"https:\/\/drifthotels.com\/pt-br\/a-nossa-historia\/","title":{"rendered":"A Nossa Historia"},"content":{"rendered":"\t\t<div data-elementor-type=\"wp-page\" data-elementor-id=\"5275\" class=\"elementor elementor-5275 elementor-594\">\n\t\t\t\t\t\t<section class=\"elementor-section elementor-top-section elementor-element elementor-element-223ffc92 elementor-section-height-min-height cs-section-content-fullwidth cs_scroll_y_100 cs-parallax-on-scroll elementor-section-boxed elementor-section-height-default elementor-section-items-middle\" data-id=\"223ffc92\" data-element_type=\"section\" data-e-type=\"section\" data-settings=\"{&quot;background_background&quot;:&quot;slideshow&quot;,&quot;background_slideshow_gallery&quot;:[{&quot;id&quot;:5273,&quot;url&quot;:&quot;https:\\\/\\\/drifthotels.com\\\/wp-content\\\/uploads\\\/2025\\\/09\\\/xxx-loft-apartment-our-.webp&quot;}],&quot;background_slideshow_slide_duration&quot;:5000,&quot;background_slideshow_slide_transition&quot;:&quot;fade&quot;,&quot;background_slideshow_transition_duration&quot;:500}\" data-cs-parallax-y=\"100\">\n\t\t\t\t\t\t\t<div class=\"elementor-background-overlay\"><\/div>\n\t\t\t\t\t\t\t<div class=\"elementor-container elementor-column-gap-no\">\n\t\t\t\t\t<div class=\"elementor-column elementor-col-100 elementor-top-column elementor-element elementor-element-6755f0d2 dark-color\" data-id=\"6755f0d2\" data-element_type=\"column\" data-e-type=\"column\">\n\t\t\t<div class=\"elementor-widget-wrap elementor-element-populated\">\n\t\t\t\t\t\t<div class=\"elementor-element elementor-element-1efed886 elementor-widget elementor-widget-cs_title\" data-id=\"1efed886\" data-element_type=\"widget\" data-e-type=\"widget\" data-widget_type=\"cs_title.default\">\n\t\t\t\t<div class=\"elementor-widget-container\">\n\t\t\t\t\t\n        <div class=\"cs-title-wrap text-center\">\t            <h1 class=\"cs-title\">\n\t                Sobre o hotel\t            <\/h1>        <\/div>\t\t\t\t<\/div>\n\t\t\t\t<\/div>\n\t\t\t\t\t<\/div>\n\t\t<\/div>\n\t\t\t\t\t<\/div>\n\t\t<\/section>\n\t\t\t\t<section class=\"elementor-section elementor-top-section elementor-element elementor-element-31d4b2a elementor-section-full_width elementor-section-content-middle animated-slow elementor-section-height-default elementor-section-height-default elementor-invisible\" data-id=\"31d4b2a\" data-element_type=\"section\" data-e-type=\"section\" data-settings=\"{&quot;background_background&quot;:&quot;classic&quot;,&quot;animation&quot;:&quot;fadeIn&quot;,&quot;animation_delay&quot;:150}\">\n\t\t\t\t\t\t<div class=\"elementor-container elementor-column-gap-no\">\n\t\t\t\t\t<div class=\"elementor-column elementor-col-66 elementor-top-column elementor-element elementor-element-23fdfcc\" data-id=\"23fdfcc\" data-element_type=\"column\" data-e-type=\"column\">\n\t\t\t<div class=\"elementor-widget-wrap elementor-element-populated\">\n\t\t\t\t\t\t<div class=\"elementor-element elementor-element-f2083dc elementor-widget elementor-widget-cs_title\" data-id=\"f2083dc\" data-element_type=\"widget\" data-e-type=\"widget\" data-widget_type=\"cs_title.default\">\n\t\t\t\t<div class=\"elementor-widget-container\">\n\t\t\t\t\t\n        <div class=\"cs-title-wrap text-left\">\t            <h2 class=\"cs-title\">\n\t                A Nossa Ilha Natal\t            <\/h2>\t            <div class=\"cs-title-text\">\n\t                <p><span dir=\"auto\" style=\"vertical-align: inherit;\"><span dir=\"auto\" style=\"vertical-align: inherit;\">Cura\u00e7ao \u00e9 o nosso local de nascimento e, como filhos da ilha, sempre sentimos uma profunda liga\u00e7\u00e3o com ela. Talvez o nosso amor pelo sol e pelo mar tenha come\u00e7ado com o nosso primeiro mergulho na \u00e1gua quando t\u00ednhamos apenas duas semanas de vida; n\u00e3o sabemos ao certo, mas \u00e9 muito poss\u00edvel.  <\/span><\/span><\/p><p><span dir=\"auto\" style=\"vertical-align: inherit;\"><span dir=\"auto\" style=\"vertical-align: inherit;\">Somos o Erik e o Robin, irm\u00e3os que uniram for\u00e7as para fundar o DRIFT. Com longas carreiras em restaura\u00e7\u00e3o, hospitalidade e transforma\u00e7\u00e3o de edif\u00edcios hist\u00f3ricos, de Otrobanda a igrejas convertidas na Holanda, desenvolvemos e operamos hot\u00e9is \u00e0 medida que enriquecem os bairros enquanto atendem \u00e0s necessidades do viajante de hoje  <\/span><\/span><\/p><p><span dir=\"auto\" style=\"vertical-align: inherit;\"><span dir=\"auto\" style=\"vertical-align: inherit;\">Hospitalidade com alma encontra a per\u00edcia imobili\u00e1ria.<br><br>Partilhamos a paix\u00e3o pelo patrim\u00f3nio nacional e vamos al\u00e9m da hospitalidade tradicional, misturando o design de hotel boutique com a liberdade e flexibilidade de apartamentos com servi\u00e7os. O nosso objetivo \u00e9 criar propriedades distintas enraizadas na sua localidade e ambiente hist\u00f3rico, oferecendo experi\u00eancias excelentes a um pre\u00e7o justo, com um equil\u00edbrio cuidadoso entre fiabilidade, dilig\u00eancia e responsabilidade social.   <\/span><\/span><\/p><p><span dir=\"auto\" style=\"vertical-align: inherit;\"><span dir=\"auto\" style=\"vertical-align: inherit;\">\u00c0 medida que o tempo passa e a nossa vis\u00e3o cresce, tamb\u00e9m cresce a nossa hist\u00f3ria. <\/span><\/span><\/p><p><span dir=\"auto\" style=\"vertical-align: inherit;\"><span dir=\"auto\" style=\"vertical-align: inherit;\">Convidamo-lo a fazer parte dela.<\/span><\/span><\/p><p><span dir=\"auto\" style=\"vertical-align: inherit;\"><span dir=\"auto\" style=\"vertical-align: inherit;\">Com amor,<br>Erik &amp; Robin Hagedoorn<\/span><\/span><\/p>\t            <\/div>        <\/div>\t\t\t\t<\/div>\n\t\t\t\t<\/div>\n\t\t\t\t\t<\/div>\n\t\t<\/div>\n\t\t\t\t<div class=\"elementor-column elementor-col-33 elementor-top-column elementor-element elementor-element-e146406\" data-id=\"e146406\" data-element_type=\"column\" data-e-type=\"column\" data-settings=\"{&quot;background_background&quot;:&quot;classic&quot;}\">\n\t\t\t<div class=\"elementor-widget-wrap elementor-element-populated\">\n\t\t\t\t\t\t<div class=\"elementor-element elementor-element-f94600b elementor-position-top elementor-widget elementor-widget-image-box\" data-id=\"f94600b\" data-element_type=\"widget\" data-e-type=\"widget\" data-widget_type=\"image-box.default\">\n\t\t\t\t<div class=\"elementor-widget-container\">\n\t\t\t\t\t<div class=\"elementor-image-box-wrapper\"><figure class=\"elementor-image-box-img\"><img fetchpriority=\"high\" decoding=\"async\" width=\"768\" height=\"467\" src=\"https:\/\/drifthotels.com\/wp-content\/uploads\/2026\/01\/PHOTO-2026-01-09-08-54-24-768x467.jpg\" class=\"attachment-medium_large size-medium_large wp-image-5274\" alt=\"\" srcset=\"https:\/\/drifthotels.com\/wp-content\/uploads\/2026\/01\/PHOTO-2026-01-09-08-54-24-768x467.jpg 768w, https:\/\/drifthotels.com\/wp-content\/uploads\/2026\/01\/PHOTO-2026-01-09-08-54-24-300x182.jpg 300w, https:\/\/drifthotels.com\/wp-content\/uploads\/2026\/01\/PHOTO-2026-01-09-08-54-24-1024x623.jpg 1024w, https:\/\/drifthotels.com\/wp-content\/uploads\/2026\/01\/PHOTO-2026-01-09-08-54-24-1536x934.jpg 1536w, https:\/\/drifthotels.com\/wp-content\/uploads\/2026\/01\/PHOTO-2026-01-09-08-54-24-1440x876.jpg 1440w, https:\/\/drifthotels.com\/wp-content\/uploads\/2026\/01\/PHOTO-2026-01-09-08-54-24-1200x730.jpg 1200w, https:\/\/drifthotels.com\/wp-content\/uploads\/2026\/01\/PHOTO-2026-01-09-08-54-24-780x474.jpg 780w, https:\/\/drifthotels.com\/wp-content\/uploads\/2026\/01\/PHOTO-2026-01-09-08-54-24-600x365.jpg 600w, https:\/\/drifthotels.com\/wp-content\/uploads\/2026\/01\/PHOTO-2026-01-09-08-54-24-550x335.jpg 550w, https:\/\/drifthotels.com\/wp-content\/uploads\/2026\/01\/PHOTO-2026-01-09-08-54-24-370x225.jpg 370w, https:\/\/drifthotels.com\/wp-content\/uploads\/2026\/01\/PHOTO-2026-01-09-08-54-24-255x155.jpg 255w, https:\/\/drifthotels.com\/wp-content\/uploads\/2026\/01\/PHOTO-2026-01-09-08-54-24-150x91.jpg 150w, https:\/\/drifthotels.com\/wp-content\/uploads\/2026\/01\/PHOTO-2026-01-09-08-54-24.jpg 1728w\" sizes=\"(max-width: 768px) 100vw, 768px\" \/><\/figure><\/div>\t\t\t\t<\/div>\n\t\t\t\t<\/div>\n\t\t\t\t\t<\/div>\n\t\t<\/div>\n\t\t\t\t\t<\/div>\n\t\t<\/section>\n\t\t<div class=\"elementor-element elementor-element-c98d46f e-con-full e-flex e-con e-parent\" data-id=\"c98d46f\" data-element_type=\"container\" data-e-type=\"container\">\n\t\t\t\t<div class=\"elementor-element elementor-element-0c105d7 elementor-widget elementor-widget-cs_gallery\" data-id=\"0c105d7\" data-element_type=\"widget\" data-e-type=\"widget\" data-widget_type=\"cs_gallery.default\">\n\t\t\t\t<div class=\"elementor-widget-container\">\n\t\t\t\t\t\n            <div class=\"cs-gallery gap-2 gallery-grid grid-col-3\">\n                <div class=\"cs-gallery-wrap\">                    <div class=\"cs-gallery-item\">                            <a href=\"https:\/\/drifthotels.com\/wp-content\/uploads\/2025\/09\/1-1.jpg\" data-elementor-open-lightbox=\"yes\" data-elementor-lightbox-slideshow=\"0c105d7\" data-elementor-lightbox-title=\"1\" data-e-action-hash=\"#elementor-action%3Aaction%3Dlightbox%26settings%3DeyJpZCI6NTI2NywidXJsIjoiaHR0cHM6XC9cL2RyaWZ0aG90ZWxzLmNvbVwvd3AtY29udGVudFwvdXBsb2Fkc1wvMjAyNVwvMDlcLzEtMS5qcGciLCJzbGlkZXNob3ciOiIwYzEwNWQ3In0%3D\" aria-label=\"Image\"><img decoding=\"async\" width=\"780\" height=\"585\" src=\"https:\/\/drifthotels.com\/wp-content\/uploads\/2025\/09\/1-1-780x585.jpg\" class=\"attachment-cozystay_780x9999 size-cozystay_780x9999 wp-image-5267\" alt=\"about the hotel- drift hotel\" srcset=\"https:\/\/drifthotels.com\/wp-content\/uploads\/2025\/09\/1-1-780x585.jpg 780w, https:\/\/drifthotels.com\/wp-content\/uploads\/2025\/09\/1-1-300x225.jpg 300w, https:\/\/drifthotels.com\/wp-content\/uploads\/2025\/09\/1-1-768x576.jpg 768w, https:\/\/drifthotels.com\/wp-content\/uploads\/2025\/09\/1-1-600x450.jpg 600w, https:\/\/drifthotels.com\/wp-content\/uploads\/2025\/09\/1-1-550x413.jpg 550w, https:\/\/drifthotels.com\/wp-content\/uploads\/2025\/09\/1-1-370x278.jpg 370w, https:\/\/drifthotels.com\/wp-content\/uploads\/2025\/09\/1-1-255x191.jpg 255w, https:\/\/drifthotels.com\/wp-content\/uploads\/2025\/09\/1-1-150x113.jpg 150w, https:\/\/drifthotels.com\/wp-content\/uploads\/2025\/09\/1-1.jpg 800w\" sizes=\"(max-width: 780px) 100vw, 780px\" \/><\/a>                    <\/div>                    <div class=\"cs-gallery-item\">                            <a href=\"https:\/\/drifthotels.com\/wp-content\/uploads\/2025\/09\/2-1.jpg\" data-elementor-open-lightbox=\"yes\" data-elementor-lightbox-slideshow=\"0c105d7\" data-elementor-lightbox-title=\"2\" data-e-action-hash=\"#elementor-action%3Aaction%3Dlightbox%26settings%3DeyJpZCI6NTI2OCwidXJsIjoiaHR0cHM6XC9cL2RyaWZ0aG90ZWxzLmNvbVwvd3AtY29udGVudFwvdXBsb2Fkc1wvMjAyNVwvMDlcLzItMS5qcGciLCJzbGlkZXNob3ciOiIwYzEwNWQ3In0%3D\" aria-label=\"Image\"><img decoding=\"async\" width=\"780\" height=\"585\" src=\"https:\/\/drifthotels.com\/wp-content\/uploads\/2025\/09\/2-1-780x585.jpg\" class=\"attachment-cozystay_780x9999 size-cozystay_780x9999 wp-image-5268\" alt=\"about the hotel- drift hotel\" srcset=\"https:\/\/drifthotels.com\/wp-content\/uploads\/2025\/09\/2-1-780x585.jpg 780w, https:\/\/drifthotels.com\/wp-content\/uploads\/2025\/09\/2-1-300x225.jpg 300w, https:\/\/drifthotels.com\/wp-content\/uploads\/2025\/09\/2-1-768x576.jpg 768w, https:\/\/drifthotels.com\/wp-content\/uploads\/2025\/09\/2-1-600x450.jpg 600w, https:\/\/drifthotels.com\/wp-content\/uploads\/2025\/09\/2-1-550x413.jpg 550w, https:\/\/drifthotels.com\/wp-content\/uploads\/2025\/09\/2-1-370x278.jpg 370w, https:\/\/drifthotels.com\/wp-content\/uploads\/2025\/09\/2-1-255x191.jpg 255w, https:\/\/drifthotels.com\/wp-content\/uploads\/2025\/09\/2-1-150x113.jpg 150w, https:\/\/drifthotels.com\/wp-content\/uploads\/2025\/09\/2-1.jpg 800w\" sizes=\"(max-width: 780px) 100vw, 780px\" \/><\/a>                    <\/div>                    <div class=\"cs-gallery-item\">                            <a href=\"https:\/\/drifthotels.com\/wp-content\/uploads\/2025\/09\/3-1.jpg\" data-elementor-open-lightbox=\"yes\" data-elementor-lightbox-slideshow=\"0c105d7\" data-elementor-lightbox-title=\"3\" data-e-action-hash=\"#elementor-action%3Aaction%3Dlightbox%26settings%3DeyJpZCI6NTI2OSwidXJsIjoiaHR0cHM6XC9cL2RyaWZ0aG90ZWxzLmNvbVwvd3AtY29udGVudFwvdXBsb2Fkc1wvMjAyNVwvMDlcLzMtMS5qcGciLCJzbGlkZXNob3ciOiIwYzEwNWQ3In0%3D\" aria-label=\"Image\"><img loading=\"lazy\" decoding=\"async\" width=\"780\" height=\"585\" src=\"https:\/\/drifthotels.com\/wp-content\/uploads\/2025\/09\/3-1-780x585.jpg\" class=\"attachment-cozystay_780x9999 size-cozystay_780x9999 wp-image-5269\" alt=\"about the hotel- drift hotel\" srcset=\"https:\/\/drifthotels.com\/wp-content\/uploads\/2025\/09\/3-1-780x585.jpg 780w, https:\/\/drifthotels.com\/wp-content\/uploads\/2025\/09\/3-1-300x225.jpg 300w, https:\/\/drifthotels.com\/wp-content\/uploads\/2025\/09\/3-1-768x576.jpg 768w, https:\/\/drifthotels.com\/wp-content\/uploads\/2025\/09\/3-1-600x450.jpg 600w, https:\/\/drifthotels.com\/wp-content\/uploads\/2025\/09\/3-1-550x413.jpg 550w, https:\/\/drifthotels.com\/wp-content\/uploads\/2025\/09\/3-1-370x278.jpg 370w, https:\/\/drifthotels.com\/wp-content\/uploads\/2025\/09\/3-1-255x191.jpg 255w, https:\/\/drifthotels.com\/wp-content\/uploads\/2025\/09\/3-1-150x113.jpg 150w, https:\/\/drifthotels.com\/wp-content\/uploads\/2025\/09\/3-1.jpg 800w\" sizes=\"(max-width: 780px) 100vw, 780px\" \/><\/a>                    <\/div>                    <div class=\"cs-gallery-item\">                            <a href=\"https:\/\/drifthotels.com\/wp-content\/uploads\/2025\/09\/4-1.jpg\" data-elementor-open-lightbox=\"yes\" data-elementor-lightbox-slideshow=\"0c105d7\" data-elementor-lightbox-title=\"4\" data-e-action-hash=\"#elementor-action%3Aaction%3Dlightbox%26settings%3DeyJpZCI6NTI3MCwidXJsIjoiaHR0cHM6XC9cL2RyaWZ0aG90ZWxzLmNvbVwvd3AtY29udGVudFwvdXBsb2Fkc1wvMjAyNVwvMDlcLzQtMS5qcGciLCJzbGlkZXNob3ciOiIwYzEwNWQ3In0%3D\" aria-label=\"Image\"><img loading=\"lazy\" decoding=\"async\" width=\"780\" height=\"585\" src=\"https:\/\/drifthotels.com\/wp-content\/uploads\/2025\/09\/4-1-780x585.jpg\" class=\"attachment-cozystay_780x9999 size-cozystay_780x9999 wp-image-5270\" alt=\"about the hotel- drift hotel\" srcset=\"https:\/\/drifthotels.com\/wp-content\/uploads\/2025\/09\/4-1-780x585.jpg 780w, https:\/\/drifthotels.com\/wp-content\/uploads\/2025\/09\/4-1-300x225.jpg 300w, https:\/\/drifthotels.com\/wp-content\/uploads\/2025\/09\/4-1-768x576.jpg 768w, https:\/\/drifthotels.com\/wp-content\/uploads\/2025\/09\/4-1-600x450.jpg 600w, https:\/\/drifthotels.com\/wp-content\/uploads\/2025\/09\/4-1-550x413.jpg 550w, https:\/\/drifthotels.com\/wp-content\/uploads\/2025\/09\/4-1-370x278.jpg 370w, https:\/\/drifthotels.com\/wp-content\/uploads\/2025\/09\/4-1-255x191.jpg 255w, https:\/\/drifthotels.com\/wp-content\/uploads\/2025\/09\/4-1-150x113.jpg 150w, https:\/\/drifthotels.com\/wp-content\/uploads\/2025\/09\/4-1.jpg 800w\" sizes=\"(max-width: 780px) 100vw, 780px\" \/><\/a>                    <\/div>                    <div class=\"cs-gallery-item\">                            <a href=\"https:\/\/drifthotels.com\/wp-content\/uploads\/2025\/09\/5-1.jpg\" data-elementor-open-lightbox=\"yes\" data-elementor-lightbox-slideshow=\"0c105d7\" data-elementor-lightbox-title=\"5\" data-e-action-hash=\"#elementor-action%3Aaction%3Dlightbox%26settings%3DeyJpZCI6NTI3MSwidXJsIjoiaHR0cHM6XC9cL2RyaWZ0aG90ZWxzLmNvbVwvd3AtY29udGVudFwvdXBsb2Fkc1wvMjAyNVwvMDlcLzUtMS5qcGciLCJzbGlkZXNob3ciOiIwYzEwNWQ3In0%3D\" aria-label=\"Image\"><img loading=\"lazy\" decoding=\"async\" width=\"780\" height=\"585\" src=\"https:\/\/drifthotels.com\/wp-content\/uploads\/2025\/09\/5-1-780x585.jpg\" class=\"attachment-cozystay_780x9999 size-cozystay_780x9999 wp-image-5271\" alt=\"about the hotel- drift hotel\" srcset=\"https:\/\/drifthotels.com\/wp-content\/uploads\/2025\/09\/5-1-780x585.jpg 780w, https:\/\/drifthotels.com\/wp-content\/uploads\/2025\/09\/5-1-300x225.jpg 300w, https:\/\/drifthotels.com\/wp-content\/uploads\/2025\/09\/5-1-768x576.jpg 768w, https:\/\/drifthotels.com\/wp-content\/uploads\/2025\/09\/5-1-600x450.jpg 600w, https:\/\/drifthotels.com\/wp-content\/uploads\/2025\/09\/5-1-550x413.jpg 550w, https:\/\/drifthotels.com\/wp-content\/uploads\/2025\/09\/5-1-370x278.jpg 370w, https:\/\/drifthotels.com\/wp-content\/uploads\/2025\/09\/5-1-255x191.jpg 255w, https:\/\/drifthotels.com\/wp-content\/uploads\/2025\/09\/5-1-150x113.jpg 150w, https:\/\/drifthotels.com\/wp-content\/uploads\/2025\/09\/5-1.jpg 800w\" sizes=\"(max-width: 780px) 100vw, 780px\" \/><\/a>                    <\/div>                    <div class=\"cs-gallery-item\">                            <a href=\"https:\/\/drifthotels.com\/wp-content\/uploads\/2025\/09\/6-1.jpg\" data-elementor-open-lightbox=\"yes\" data-elementor-lightbox-slideshow=\"0c105d7\" data-elementor-lightbox-title=\"6\" data-e-action-hash=\"#elementor-action%3Aaction%3Dlightbox%26settings%3DeyJpZCI6NTI3MiwidXJsIjoiaHR0cHM6XC9cL2RyaWZ0aG90ZWxzLmNvbVwvd3AtY29udGVudFwvdXBsb2Fkc1wvMjAyNVwvMDlcLzYtMS5qcGciLCJzbGlkZXNob3ciOiIwYzEwNWQ3In0%3D\" aria-label=\"Image\"><img loading=\"lazy\" decoding=\"async\" width=\"780\" height=\"585\" src=\"https:\/\/drifthotels.com\/wp-content\/uploads\/2025\/09\/6-1-780x585.jpg\" class=\"attachment-cozystay_780x9999 size-cozystay_780x9999 wp-image-5272\" alt=\"about the hotel- drift hotel\" srcset=\"https:\/\/drifthotels.com\/wp-content\/uploads\/2025\/09\/6-1-780x585.jpg 780w, https:\/\/drifthotels.com\/wp-content\/uploads\/2025\/09\/6-1-300x225.jpg 300w, https:\/\/drifthotels.com\/wp-content\/uploads\/2025\/09\/6-1-768x576.jpg 768w, https:\/\/drifthotels.com\/wp-content\/uploads\/2025\/09\/6-1-600x450.jpg 600w, https:\/\/drifthotels.com\/wp-content\/uploads\/2025\/09\/6-1-550x413.jpg 550w, https:\/\/drifthotels.com\/wp-content\/uploads\/2025\/09\/6-1-370x278.jpg 370w, https:\/\/drifthotels.com\/wp-content\/uploads\/2025\/09\/6-1-255x191.jpg 255w, https:\/\/drifthotels.com\/wp-content\/uploads\/2025\/09\/6-1-150x113.jpg 150w, https:\/\/drifthotels.com\/wp-content\/uploads\/2025\/09\/6-1.jpg 800w\" sizes=\"(max-width: 780px) 100vw, 780px\" \/><\/a>                    <\/div>                <\/div>\n            <\/div>\t\t\t\t<\/div>\n\t\t\t\t<\/div>\n\t\t\t\t<\/div>\n\t\t\t\t<\/div>\n\t\t","protected":false},"excerpt":{"rendered":"<p>Sobre o hotel A Nossa Ilha Natal Cura\u00e7ao \u00e9 o nosso local de nascimento e, como filhos da ilha, sempre sentimos uma profunda liga\u00e7\u00e3o com ela. Talvez o nosso amor pelo sol e pelo mar tenha come\u00e7ado com o nosso primeiro mergulho na \u00e1gua quando t\u00ednhamos apenas duas semanas de vida; n\u00e3o sabemos ao certo, &#8230;<\/p>\n","protected":false},"author":1,"featured_media":0,"parent":0,"menu_order":0,"comment_status":"closed","ping_status":"closed","template":"template-wide-content.php","meta":{"_monsterinsights_skip_tracking":false,"_monsterinsights_sitenote_active":false,"_monsterinsights_sitenote_note":"","_monsterinsights_sitenote_category":0,"cozystay_single_page_hide_site_header":"","cozystay_single_page_site_header_source":"","cozystay_single_page_custom_site_header":"0","cozystay_single_page_custom_sticky_site_header":"0","cozystay_single_page_hide_page_title":"on","cozystay_single_page_header_section_size":"","cozystay_single_page_header_background_color":"","cozystay_single_page_header_background_position_x":"center","cozystay_single_page_header_background_position_y":"center","cozystay_single_page_header_background_size":"cover","cozystay_single_page_header_background_repeat":"off","cozystay_single_page_header_background_scroll":"on","cozystay_single_page_header_text_color":"","cozystay_single_page_header_show_breadcrumb":"","cozystay_single_page_site_footer_hide_main":"","cozystay_single_custom_site_footer_main_source":"","cozystay_single_custom_site_footer_main":"0","cozystay_single_page_site_footer_hide_above":"","cozystay_single_custom_site_footer_above_source":"","cozystay_single_custom_site_footer_above":"0","cozystay_single_page_site_footer_hide_instagram":"","cozystay_single_page_site_footer_hide_bottom":"","cozystay_single_custom_mobile_menu_source":"","cozystay_single_custom_mobile_menu":"0","cozystay_single_custom_mobile_menu_animation":"","cozystay_single_custom_mobile_menu_width":"","cozystay_single_custom_mobile_menu_custom_width":375,"footnotes":""},"class_list":["post-5275","page","type-page","status-publish","hentry"],"yoast_head":"<!-- This site is optimized with the Yoast SEO Premium plugin v27.4 (Yoast SEO v27.4) - https:\/\/yoast.com\/product\/yoast-seo-premium-wordpress\/ -->\n<title>Best Resorts in Cura\u00e7ao Top Places to Stay<\/title>\n<meta name=\"description\" content=\"Find the best resorts in Cura\u00e7ao for comfort, great locations, and easy access to beaches, culture, and island attractions\" \/>\n<meta name=\"robots\" content=\"index, follow, max-snippet:-1, max-image-preview:large, max-video-preview:-1\" \/>\n<link rel=\"canonical\" href=\"https:\/\/drifthotels.com\/pt-br\/a-nossa-historia\/\" \/>\n<meta property=\"og:locale\" content=\"pt_BR\" \/>\n<meta property=\"og:type\" content=\"article\" \/>\n<meta property=\"og:title\" content=\"A Nossa Historia\" \/>\n<meta property=\"og:description\" content=\"Find the best resorts in Cura\u00e7ao for comfort, great locations, and easy access to beaches, culture, and island attractions\" \/>\n<meta property=\"og:url\" content=\"https:\/\/drifthotels.com\/pt-br\/a-nossa-historia\/\" \/>\n<meta property=\"og:site_name\" content=\"Drift Hotels\" \/>\n<meta property=\"article:modified_time\" content=\"2026-03-23T04:32:45+00:00\" \/>\n<meta property=\"og:image\" content=\"https:\/\/drifthotels.com\/wp-content\/uploads\/2026\/01\/PHOTO-2026-01-09-08-54-24-768x467.jpg\" \/>\n<meta name=\"twitter:card\" content=\"summary_large_image\" \/>\n<meta name=\"twitter:label1\" content=\"Est. tempo de leitura\" \/>\n\t<meta name=\"twitter:data1\" content=\"3 minutos\" \/>\n<!-- \/ Yoast SEO Premium plugin. -->","yoast_head_json":{"title":"Best Resorts in Cura\u00e7ao Top Places to Stay","description":"Find the best resorts in Cura\u00e7ao for comfort, great locations, and easy access to beaches, culture, and island attractions","robots":{"index":"index","follow":"follow","max-snippet":"max-snippet:-1","max-image-preview":"max-image-preview:large","max-video-preview":"max-video-preview:-1"},"canonical":"https:\/\/drifthotels.com\/pt-br\/a-nossa-historia\/","og_locale":"pt_BR","og_type":"article","og_title":"A Nossa Historia","og_description":"Find the best resorts in Cura\u00e7ao for comfort, great locations, and easy access to beaches, culture, and island attractions","og_url":"https:\/\/drifthotels.com\/pt-br\/a-nossa-historia\/","og_site_name":"Drift Hotels","article_modified_time":"2026-03-23T04:32:45+00:00","og_image":[{"url":"https:\/\/drifthotels.com\/wp-content\/uploads\/2026\/01\/PHOTO-2026-01-09-08-54-24-768x467.jpg","type":"","width":"","height":""}],"twitter_card":"summary_large_image","twitter_misc":{"Est. tempo de leitura":"3 minutos"},"schema":{"@context":"https:\/\/schema.org","@graph":[{"@type":"WebPage","@id":"https:\/\/drifthotels.com\/pt-br\/a-nossa-historia\/","url":"https:\/\/drifthotels.com\/pt-br\/a-nossa-historia\/","name":"Best Resorts in Cura\u00e7ao Top Places to Stay","isPartOf":{"@id":"https:\/\/drifthotels.com\/#website"},"primaryImageOfPage":{"@id":"https:\/\/drifthotels.com\/pt-br\/a-nossa-historia\/#primaryimage"},"image":{"@id":"https:\/\/drifthotels.com\/pt-br\/a-nossa-historia\/#primaryimage"},"thumbnailUrl":"https:\/\/drifthotels.com\/wp-content\/uploads\/2026\/01\/PHOTO-2026-01-09-08-54-24-768x467.jpg","datePublished":"2023-03-17T07:55:12+00:00","dateModified":"2026-03-23T04:32:45+00:00","description":"Find the best resorts in Cura\u00e7ao for comfort, great locations, and easy access to beaches, culture, and island attractions","breadcrumb":{"@id":"https:\/\/drifthotels.com\/pt-br\/a-nossa-historia\/#breadcrumb"},"inLanguage":"pt-BR","potentialAction":[{"@type":"ReadAction","target":["https:\/\/drifthotels.com\/pt-br\/a-nossa-historia\/"]}]},{"@type":"ImageObject","inLanguage":"pt-BR","@id":"https:\/\/drifthotels.com\/pt-br\/a-nossa-historia\/#primaryimage","url":"https:\/\/drifthotels.com\/wp-content\/uploads\/2026\/01\/PHOTO-2026-01-09-08-54-24-768x467.jpg","contentUrl":"https:\/\/drifthotels.com\/wp-content\/uploads\/2026\/01\/PHOTO-2026-01-09-08-54-24-768x467.jpg"},{"@type":"BreadcrumbList","@id":"https:\/\/drifthotels.com\/pt-br\/a-nossa-historia\/#breadcrumb","itemListElement":[{"@type":"ListItem","position":1,"name":"Home","item":"https:\/\/drifthotels.com\/"},{"@type":"ListItem","position":2,"name":"A Nossa Historia"}]},{"@type":"WebSite","@id":"https:\/\/drifthotels.com\/#website","url":"https:\/\/drifthotels.com\/","name":"Drift Hotels","description":"STAY. CONNECT. DRIFT.","publisher":{"@id":"https:\/\/drifthotels.com\/#organization"},"potentialAction":[{"@type":"SearchAction","target":{"@type":"EntryPoint","urlTemplate":"https:\/\/drifthotels.com\/?s={search_term_string}"},"query-input":{"@type":"PropertyValueSpecification","valueRequired":true,"valueName":"search_term_string"}}],"inLanguage":"pt-BR"},{"@type":"Organization","@id":"https:\/\/drifthotels.com\/#organization","name":"Drift Hotels","url":"https:\/\/drifthotels.com\/","logo":{"@type":"ImageObject","inLanguage":"pt-BR","@id":"https:\/\/drifthotels.com\/#\/schema\/logo\/image\/","url":"https:\/\/drifthotels.com\/wp-content\/uploads\/2024\/12\/cropped-drift-logo.png","contentUrl":"https:\/\/drifthotels.com\/wp-content\/uploads\/2024\/12\/cropped-drift-logo.png","width":2203,"height":673,"caption":"Drift Hotels"},"image":{"@id":"https:\/\/drifthotels.com\/#\/schema\/logo\/image\/"}}]}},"_links":{"self":[{"href":"https:\/\/drifthotels.com\/pt-br\/wp-json\/wp\/v2\/pages\/5275","targetHints":{"allow":["GET"]}}],"collection":[{"href":"https:\/\/drifthotels.com\/pt-br\/wp-json\/wp\/v2\/pages"}],"about":[{"href":"https:\/\/drifthotels.com\/pt-br\/wp-json\/wp\/v2\/types\/page"}],"author":[{"embeddable":true,"href":"https:\/\/drifthotels.com\/pt-br\/wp-json\/wp\/v2\/users\/1"}],"replies":[{"embeddable":true,"href":"https:\/\/drifthotels.com\/pt-br\/wp-json\/wp\/v2\/comments?post=5275"}],"version-history":[{"count":8,"href":"https:\/\/drifthotels.com\/pt-br\/wp-json\/wp\/v2\/pages\/5275\/revisions"}],"predecessor-version":[{"id":7019,"href":"https:\/\/drifthotels.com\/pt-br\/wp-json\/wp\/v2\/pages\/5275\/revisions\/7019"}],"wp:attachment":[{"href":"https:\/\/drifthotels.com\/pt-br\/wp-json\/wp\/v2\/media?parent=5275"}],"curies":[{"name":"wp","href":"https:\/\/api.w.org\/{rel}","templated":true}]}}