{"id":6521,"date":"2024-12-17T13:57:45","date_gmt":"2024-12-17T13:57:45","guid":{"rendered":"https:\/\/drifthotels.com\/privacy-policy\/"},"modified":"2026-03-23T04:47:23","modified_gmt":"2026-03-23T04:47:23","slug":"privacy-policy","status":"publish","type":"page","link":"https:\/\/drifthotels.com\/es\/privacy-policy\/","title":{"rendered":"Pol\u00edtica de privacidad"},"content":{"rendered":"\t\t<div data-elementor-type=\"wp-page\" data-elementor-id=\"6521\" class=\"elementor elementor-6521 elementor-3\">\n\t\t\t\t\t\t<section class=\"elementor-section elementor-top-section elementor-element elementor-element-440e9a9 elementor-section-height-min-height cs-section-content-fullwidth cs-parallax-on-scroll cs_scroll_y_100 elementor-section-boxed elementor-section-height-default elementor-section-items-middle\" data-id=\"440e9a9\" data-element_type=\"section\" data-e-type=\"section\" data-settings=\"{&quot;background_background&quot;:&quot;classic&quot;}\" data-cs-parallax-y=\"100\" style=\"background-image: none;\" data-cs-background-image=\"https:\/\/drifthotels.com\/wp-content\/uploads\/2025\/09\/6-1.jpg\" data-cs-background-image-alt-text=\"about the hotel- drift hotel\">\n\t\t\t\t\t\t\t<div class=\"elementor-background-overlay\"><\/div>\n\t\t\t\t\t\t\t<div class=\"elementor-container elementor-column-gap-no\">\n\t\t\t\t\t<div class=\"elementor-column elementor-col-100 elementor-top-column elementor-element elementor-element-a17acfa dark-color\" data-id=\"a17acfa\" data-element_type=\"column\" data-e-type=\"column\">\n\t\t\t<div class=\"elementor-widget-wrap elementor-element-populated\">\n\t\t\t\t\t\t\t<\/div>\n\t\t<\/div>\n\t\t\t\t\t<\/div>\n\t\t<\/section>\n\t\t<div class=\"elementor-element elementor-element-71a7b5c e-flex e-con-boxed e-con e-parent\" data-id=\"71a7b5c\" data-element_type=\"container\" data-e-type=\"container\">\n\t\t\t\t\t<div class=\"e-con-inner\">\n\t\t\t\t<div class=\"elementor-element elementor-element-babacc3 elementor-widget elementor-widget-text-editor\" data-id=\"babacc3\" data-element_type=\"widget\" data-e-type=\"widget\" data-widget_type=\"text-editor.default\">\n\t\t\t\t<div class=\"elementor-widget-container\">\n\t\t\t\t\t\t\t\t\t<h1 data-section-id=\"k389mr\" data-start=\"2393\" data-end=\"2428\"><span role=\"text\"><strong data-start=\"2400\" data-end=\"2426\">POL\u00cdTICA DE PRIVACIDAD<\/strong><\/span><\/h1><p data-start=\"2429\" data-end=\"2461\"><em data-start=\"2429\" data-end=\"2461\">Actualizado en octubre de 2025<\/em><\/p><p data-start=\"2463\" data-end=\"2660\">Drift Hotels, Nieuw Kuikduin BV (\u201cDrift\u201d), con sede en Frederikstraat 108-112, Willemstad (Cura\u00e7ao), ha preparado esta pol\u00edtica para explicar c\u00f3mo se gestionan los datos en su web, app y servicios.<\/p><p data-start=\"2662\" data-end=\"2697\">Algunas funciones requieren cuenta.<\/p><p data-start=\"2699\" data-end=\"2729\">Contacto: <a class=\"decorated-link cursor-pointer\" rel=\"noopener\" data-start=\"2709\" data-end=\"2729\">stay@DriftHotels.com<\/a><\/p><p data-start=\"2731\" data-end=\"2769\">No est\u00e1 dirigido a menores de 18 a\u00f1os.<\/p><h2 data-section-id=\"9or7ns\" data-start=\"2776\" data-end=\"2793\"><span role=\"text\"><strong data-start=\"2779\" data-end=\"2793\">NAVEGACI\u00d3N<\/strong><\/span><\/h2><p data-start=\"2795\" data-end=\"2881\">No se recopilan datos personales autom\u00e1ticamente salvo que el usuario los proporcione.<\/p><p data-start=\"2883\" data-end=\"2942\">Se recogen datos t\u00e9cnicos como IP para mejorar el servicio.<\/p><h2 data-section-id=\"1928yhl\" data-start=\"2949\" data-end=\"2973\"><span role=\"text\"><strong data-start=\"2952\" data-end=\"2973\">RECOGIDA DE DATOS<\/strong><\/span><\/h2><p data-start=\"2975\" data-end=\"3001\">Se recopilan datos cuando:<\/p><ul data-start=\"3003\" data-end=\"3062\"><li data-section-id=\"w0k7nr\" data-start=\"3003\" data-end=\"3019\">te registras<\/li><li data-section-id=\"70stwg\" data-start=\"3020\" data-end=\"3036\">te suscribes<\/li><li data-section-id=\"1qyt9i7\" data-start=\"3037\" data-end=\"3062\">completas formularios<\/li><\/ul><p data-start=\"3064\" data-end=\"3109\">Incluye: nombre, email, tel\u00e9fono, pa\u00eds, pago.<\/p><p data-start=\"3111\" data-end=\"3141\">No se recogen datos sensibles.<\/p><h2 data-section-id=\"qrb0fk\" data-start=\"3148\" data-end=\"3171\"><span role=\"text\"><strong data-start=\"3151\" data-end=\"3171\">USO DE LOS DATOS<\/strong><\/span><\/h2><p data-start=\"3173\" data-end=\"3178\">Para:<\/p><ul data-start=\"3180\" data-end=\"3299\"><li data-section-id=\"nizcno\" data-start=\"3180\" data-end=\"3201\">procesar reservas<\/li><li data-section-id=\"26vlz1\" data-start=\"3202\" data-end=\"3224\">enviar promociones<\/li><li data-section-id=\"9qa8yk\" data-start=\"3225\" data-end=\"3248\">estudios de mercado<\/li><li data-section-id=\"1la3ykj\" data-start=\"3249\" data-end=\"3277\">personalizar experiencia<\/li><li data-section-id=\"1a32tl\" data-start=\"3278\" data-end=\"3299\">mejorar servicios<\/li><\/ul><p data-start=\"3301\" data-end=\"3336\">Datos almacenados hasta <strong data-start=\"3325\" data-end=\"3335\">2 a\u00f1os<\/strong>.<\/p><h2 data-section-id=\"19d6bwg\" data-start=\"3343\" data-end=\"3363\"><span role=\"text\"><strong data-start=\"3346\" data-end=\"3363\">BAJA DE EMAIL<\/strong><\/span><\/h2><p data-start=\"3365\" data-end=\"3407\">Puedes darte de baja en cualquier momento.<\/p><h2 data-section-id=\"x69mgx\" data-start=\"3414\" data-end=\"3439\"><span role=\"text\"><strong data-start=\"3417\" data-end=\"3439\">FOTOGRAF\u00cdA Y VIDEO<\/strong><\/span><\/h2><p data-start=\"3441\" data-end=\"3481\">Permitido con respeto a otros hu\u00e9spedes.<\/p><h2 data-section-id=\"v67zbv\" data-start=\"3488\" data-end=\"3504\"><span role=\"text\"><strong data-start=\"3491\" data-end=\"3504\">SEGURIDAD<\/strong><\/span><\/h2><p data-start=\"3506\" data-end=\"3514\">Incluye:<\/p><ul data-start=\"3516\" data-end=\"3579\"><li data-section-id=\"1ieu9pi\" data-start=\"3516\" data-end=\"3542\">controles de seguridad<\/li><li data-section-id=\"afjibt\" data-start=\"3543\" data-end=\"3563\">redes protegidas<\/li><li data-section-id=\"d5u568\" data-start=\"3564\" data-end=\"3579\">cifrado SSL<\/li><\/ul><h2 data-section-id=\"1ov9fnn\" data-start=\"3586\" data-end=\"3620\"><span role=\"text\"><strong data-start=\"3589\" data-end=\"3620\">TRANSFERENCIA INTERNACIONAL<\/strong><\/span><\/h2><p data-start=\"3622\" data-end=\"3687\">Datos pueden transferirse fuera de la UE con protecci\u00f3n adecuada.<\/p><h2 data-section-id=\"xd01m6\" data-start=\"3694\" data-end=\"3709\"><span role=\"text\"><strong data-start=\"3697\" data-end=\"3709\">TERCEROS<\/strong><\/span><\/h2><p data-start=\"3711\" data-end=\"3757\">Datos compartidos solo para prestar servicios.<\/p><h2 data-section-id=\"13ehdgy\" data-start=\"3764\" data-end=\"3778\"><span role=\"text\"><strong data-start=\"3767\" data-end=\"3778\">COOKIES<\/strong><\/span><\/h2><p data-start=\"3780\" data-end=\"3792\">Usadas para:<\/p><ul data-start=\"3794\" data-end=\"3845\"><li data-section-id=\"1jxo26j\" data-start=\"3794\" data-end=\"3812\">funcionamiento<\/li><li data-section-id=\"1kulfbp\" data-start=\"3813\" data-end=\"3832\">personalizaci\u00f3n<\/li><li data-section-id=\"99j9hb\" data-start=\"3833\" data-end=\"3845\">reservas<\/li><\/ul><h2 data-section-id=\"bgwaqg\" data-start=\"3852\" data-end=\"3878\"><span role=\"text\"><strong data-start=\"3855\" data-end=\"3878\">COOKIES DE TERCEROS<\/strong><\/span><\/h2><ul data-start=\"3880\" data-end=\"3938\"><li data-section-id=\"1li1d1z\" data-start=\"3880\" data-end=\"3900\">Google Analytics<\/li><li data-section-id=\"15brz0g\" data-start=\"3901\" data-end=\"3913\">Facebook<\/li><li data-section-id=\"9w772\" data-start=\"3914\" data-end=\"3926\">LinkedIn<\/li><li data-section-id=\"1jw7alp\" data-start=\"3927\" data-end=\"3938\">YouTube<\/li><\/ul><h2 data-section-id=\"1epstiu\" data-start=\"3945\" data-end=\"3964\"><span role=\"text\"><strong data-start=\"3948\" data-end=\"3964\">TUS DERECHOS<\/strong><\/span><\/h2><p data-start=\"3966\" data-end=\"3995\">Acceso y correcci\u00f3n de datos.<\/p><h2 data-section-id=\"63eb4t\" data-start=\"4002\" data-end=\"4016\"><span role=\"text\"><strong data-start=\"4005\" data-end=\"4016\">CAMBIOS<\/strong><\/span><\/h2><p data-start=\"4018\" data-end=\"4070\">La pol\u00edtica puede actualizarse en cualquier momento.<\/p>\t\t\t\t\t\t\t\t<\/div>\n\t\t\t\t<\/div>\n\t\t\t\t\t<\/div>\n\t\t\t\t<\/div>\n\t\t\t\t<\/div>\n\t\t","protected":false},"excerpt":{"rendered":"<p>POL\u00cdTICA DE PRIVACIDAD Actualizado en octubre de 2025 Drift Hotels, Nieuw Kuikduin BV (\u201cDrift\u201d), con sede en Frederikstraat 108-112, Willemstad (Cura\u00e7ao), ha preparado esta pol\u00edtica para explicar c\u00f3mo se gestionan los datos en su web, app y servicios. Algunas funciones requieren cuenta. Contacto: stay@DriftHotels.com No est\u00e1 dirigido a menores de 18 a\u00f1os. NAVEGACI\u00d3N No se &#8230;<\/p>\n","protected":false},"author":1,"featured_media":0,"parent":0,"menu_order":0,"comment_status":"closed","ping_status":"closed","template":"template-wide-content.php","meta":{"_monsterinsights_skip_tracking":false,"_monsterinsights_sitenote_active":false,"_monsterinsights_sitenote_note":"","_monsterinsights_sitenote_category":0,"cozystay_single_page_hide_site_header":"","cozystay_single_page_site_header_source":"","cozystay_single_page_custom_site_header":"0","cozystay_single_page_custom_sticky_site_header":"0","cozystay_single_page_hide_page_title":"","cozystay_single_page_header_section_size":"","cozystay_single_page_header_background_color":"","cozystay_single_page_header_background_position_x":"center","cozystay_single_page_header_background_position_y":"center","cozystay_single_page_header_background_size":"cover","cozystay_single_page_header_background_repeat":"off","cozystay_single_page_header_background_scroll":"on","cozystay_single_page_header_text_color":"","cozystay_single_page_header_show_breadcrumb":"","cozystay_single_page_site_footer_hide_main":"","cozystay_single_custom_site_footer_main_source":"","cozystay_single_custom_site_footer_main":"0","cozystay_single_page_site_footer_hide_above":"","cozystay_single_custom_site_footer_above_source":"","cozystay_single_custom_site_footer_above":"0","cozystay_single_page_site_footer_hide_instagram":"","cozystay_single_page_site_footer_hide_bottom":"","cozystay_single_custom_mobile_menu_source":"","cozystay_single_custom_mobile_menu":"0","cozystay_single_custom_mobile_menu_animation":"","cozystay_single_custom_mobile_menu_width":"","cozystay_single_custom_mobile_menu_custom_width":375,"footnotes":""},"class_list":["post-6521","page","type-page","status-publish","hentry"],"yoast_head":"<!-- This site is optimized with the Yoast SEO Premium plugin v27.4 (Yoast SEO v27.4) - https:\/\/yoast.com\/product\/yoast-seo-premium-wordpress\/ -->\n<title>Drift Hotels Privacy Policy | Your Data &amp; Privacy at Drifthotels.com<\/title>\n<meta name=\"description\" content=\"Read Drift Hotels\u2019 Privacy Policy to learn how we collect, use, and protect your personal data when visiting or booking on our site.\" \/>\n<meta name=\"robots\" content=\"index, follow, max-snippet:-1, max-image-preview:large, max-video-preview:-1\" \/>\n<link rel=\"canonical\" href=\"https:\/\/drifthotels.com\/es\/privacy-policy\/\" \/>\n<meta property=\"og:locale\" content=\"es_ES\" \/>\n<meta property=\"og:type\" content=\"article\" \/>\n<meta property=\"og:title\" content=\"Pol\u00edtica de privacidad\" \/>\n<meta property=\"og:description\" content=\"Read Drift Hotels\u2019 Privacy Policy to learn how we collect, use, and protect your personal data when visiting or booking on our site.\" \/>\n<meta property=\"og:url\" content=\"https:\/\/drifthotels.com\/es\/privacy-policy\/\" \/>\n<meta property=\"og:site_name\" content=\"Drift Hotels\" \/>\n<meta property=\"article:modified_time\" content=\"2026-03-23T04:47:23+00:00\" \/>\n<meta name=\"twitter:card\" content=\"summary_large_image\" \/>\n<meta name=\"twitter:label1\" content=\"Tiempo de lectura\" \/>\n\t<meta name=\"twitter:data1\" content=\"1 minuto\" \/>\n<!-- \/ Yoast SEO Premium plugin. -->","yoast_head_json":{"title":"Drift Hotels Privacy Policy | Your Data & Privacy at Drifthotels.com","description":"Read Drift Hotels\u2019 Privacy Policy to learn how we collect, use, and protect your personal data when visiting or booking on our site.","robots":{"index":"index","follow":"follow","max-snippet":"max-snippet:-1","max-image-preview":"max-image-preview:large","max-video-preview":"max-video-preview:-1"},"canonical":"https:\/\/drifthotels.com\/es\/privacy-policy\/","og_locale":"es_ES","og_type":"article","og_title":"Pol\u00edtica de privacidad","og_description":"Read Drift Hotels\u2019 Privacy Policy to learn how we collect, use, and protect your personal data when visiting or booking on our site.","og_url":"https:\/\/drifthotels.com\/es\/privacy-policy\/","og_site_name":"Drift Hotels","article_modified_time":"2026-03-23T04:47:23+00:00","twitter_card":"summary_large_image","twitter_misc":{"Tiempo de lectura":"1 minuto"},"schema":{"@context":"https:\/\/schema.org","@graph":[{"@type":"WebPage","@id":"https:\/\/drifthotels.com\/es\/privacy-policy\/","url":"https:\/\/drifthotels.com\/es\/privacy-policy\/","name":"Drift Hotels Privacy Policy | Your Data & Privacy at Drifthotels.com","isPartOf":{"@id":"https:\/\/drifthotels.com\/#website"},"datePublished":"2024-12-17T13:57:45+00:00","dateModified":"2026-03-23T04:47:23+00:00","description":"Read Drift Hotels\u2019 Privacy Policy to learn how we collect, use, and protect your personal data when visiting or booking on our site.","breadcrumb":{"@id":"https:\/\/drifthotels.com\/es\/privacy-policy\/#breadcrumb"},"inLanguage":"es","potentialAction":[{"@type":"ReadAction","target":["https:\/\/drifthotels.com\/es\/privacy-policy\/"]}]},{"@type":"BreadcrumbList","@id":"https:\/\/drifthotels.com\/es\/privacy-policy\/#breadcrumb","itemListElement":[{"@type":"ListItem","position":1,"name":"Home","item":"https:\/\/drifthotels.com\/"},{"@type":"ListItem","position":2,"name":"Pol\u00edtica de privacidad"}]},{"@type":"WebSite","@id":"https:\/\/drifthotels.com\/#website","url":"https:\/\/drifthotels.com\/","name":"Drift Hotels","description":"STAY. CONNECT. DRIFT.","publisher":{"@id":"https:\/\/drifthotels.com\/#organization"},"potentialAction":[{"@type":"SearchAction","target":{"@type":"EntryPoint","urlTemplate":"https:\/\/drifthotels.com\/?s={search_term_string}"},"query-input":{"@type":"PropertyValueSpecification","valueRequired":true,"valueName":"search_term_string"}}],"inLanguage":"es"},{"@type":"Organization","@id":"https:\/\/drifthotels.com\/#organization","name":"Drift Hotels","url":"https:\/\/drifthotels.com\/","logo":{"@type":"ImageObject","inLanguage":"es","@id":"https:\/\/drifthotels.com\/#\/schema\/logo\/image\/","url":"https:\/\/drifthotels.com\/wp-content\/uploads\/2024\/12\/cropped-drift-logo.png","contentUrl":"https:\/\/drifthotels.com\/wp-content\/uploads\/2024\/12\/cropped-drift-logo.png","width":2203,"height":673,"caption":"Drift Hotels"},"image":{"@id":"https:\/\/drifthotels.com\/#\/schema\/logo\/image\/"}}]}},"_links":{"self":[{"href":"https:\/\/drifthotels.com\/es\/wp-json\/wp\/v2\/pages\/6521","targetHints":{"allow":["GET"]}}],"collection":[{"href":"https:\/\/drifthotels.com\/es\/wp-json\/wp\/v2\/pages"}],"about":[{"href":"https:\/\/drifthotels.com\/es\/wp-json\/wp\/v2\/types\/page"}],"author":[{"embeddable":true,"href":"https:\/\/drifthotels.com\/es\/wp-json\/wp\/v2\/users\/1"}],"replies":[{"embeddable":true,"href":"https:\/\/drifthotels.com\/es\/wp-json\/wp\/v2\/comments?post=6521"}],"version-history":[{"count":5,"href":"https:\/\/drifthotels.com\/es\/wp-json\/wp\/v2\/pages\/6521\/revisions"}],"predecessor-version":[{"id":7033,"href":"https:\/\/drifthotels.com\/es\/wp-json\/wp\/v2\/pages\/6521\/revisions\/7033"}],"wp:attachment":[{"href":"https:\/\/drifthotels.com\/es\/wp-json\/wp\/v2\/media?parent=6521"}],"curies":[{"name":"wp","href":"https:\/\/api.w.org\/{rel}","templated":true}]}}