{"id":6374,"date":"2025-03-21T11:12:29","date_gmt":"2025-03-21T11:12:29","guid":{"rendered":"https:\/\/drifthotels.com\/cultura\/"},"modified":"2026-03-23T04:46:57","modified_gmt":"2026-03-23T04:46:57","slug":"cultura","status":"publish","type":"page","link":"https:\/\/drifthotels.com\/es\/cultura\/","title":{"rendered":"Cultura"},"content":{"rendered":"\t\t<div data-elementor-type=\"wp-page\" data-elementor-id=\"6374\" class=\"elementor elementor-6374 elementor-5497\">\n\t\t\t\t\t\t<section class=\"elementor-section elementor-top-section elementor-element elementor-element-a2554e7 elementor-section-height-min-height cs-section-content-fullwidth cs-parallax-on-scroll cs_scroll_y_80 elementor-section-boxed elementor-section-height-default elementor-section-items-middle\" data-id=\"a2554e7\" data-element_type=\"section\" data-e-type=\"section\" data-settings=\"{&quot;background_background&quot;:&quot;classic&quot;}\" data-cs-parallax-y=\"80\" style=\"background-image: none;\" data-cs-background-image=\"https:\/\/drifthotels.com\/wp-content\/uploads\/2025\/05\/20250227\u00a9ingevanaltena_068.jpg\" data-cs-background-image-alt-text=\"culture drift hotel\">\n\t\t\t\t\t\t\t<div class=\"elementor-background-overlay\"><\/div>\n\t\t\t\t\t\t\t<div class=\"elementor-container elementor-column-gap-no\">\n\t\t\t\t\t<div class=\"elementor-column elementor-col-100 elementor-top-column elementor-element elementor-element-4bf78b4 dark-color\" data-id=\"4bf78b4\" data-element_type=\"column\" data-e-type=\"column\">\n\t\t\t<div class=\"elementor-widget-wrap elementor-element-populated\">\n\t\t\t\t\t\t<div class=\"elementor-element elementor-element-023f89d elementor-widget elementor-widget-cs_title\" data-id=\"023f89d\" data-element_type=\"widget\" data-e-type=\"widget\" data-widget_type=\"cs_title.default\">\n\t\t\t\t<div class=\"elementor-widget-container\">\n\t\t\t\t\t\n        <div class=\"cs-title-wrap text-center\">\t            <h1 class=\"cs-title\">\n\t                CULTURA\t            <\/h1>        <\/div>\t\t\t\t<\/div>\n\t\t\t\t<\/div>\n\t\t\t\t\t<\/div>\n\t\t<\/div>\n\t\t\t\t\t<\/div>\n\t\t<\/section>\n\t\t\t\t<section class=\"elementor-section elementor-top-section elementor-element elementor-element-fe58bd4 elementor-section-full_width elementor-section-content-middle animated-slow elementor-section-height-default elementor-section-height-default elementor-invisible\" data-id=\"fe58bd4\" data-element_type=\"section\" data-e-type=\"section\" data-settings=\"{&quot;background_background&quot;:&quot;classic&quot;,&quot;animation&quot;:&quot;fadeIn&quot;,&quot;animation_delay&quot;:150}\">\n\t\t\t\t\t\t<div class=\"elementor-container elementor-column-gap-no\">\n\t\t\t\t\t<div class=\"elementor-column elementor-col-66 elementor-top-column elementor-element elementor-element-9f5e648\" data-id=\"9f5e648\" data-element_type=\"column\" data-e-type=\"column\">\n\t\t\t<div class=\"elementor-widget-wrap elementor-element-populated\">\n\t\t\t\t\t\t<div class=\"elementor-element elementor-element-7815283 elementor-widget elementor-widget-cs_title\" data-id=\"7815283\" data-element_type=\"widget\" data-e-type=\"widget\" data-widget_type=\"cs_title.default\">\n\t\t\t\t<div class=\"elementor-widget-container\">\n\t\t\t\t\t\n        <div class=\"cs-title-wrap text-left\">\t            <h2 class=\"cs-title\">\n\t                EL ARTE EN EL CORAZ\u00d3N\t            <\/h2>\t            <div class=\"cs-title-text\">\n\t                <p>En Drift, podr\u00edas encontrarte compartiendo tu estancia con un artista. Colaboramos estrechamente con creativos en una amplia gama de actividades culturales de peque\u00f1a escala y alta calidad, que incluyen exposiciones, conferencias, noches de poes\u00eda, m\u00fasica en vivo y, ocasionalmente, presentaciones de nuestro artista en residencia.  <\/p><p>Estas actividades sin fines de lucro se financian mediante un porcentaje de los ingresos del hotel. Esto nos permite asegurar la continuidad de un programa cultural no subvencionado mientras reinvertimos localmente y llegamos a personas de todos los \u00e1mbitos de la vida. La comunidad local es siempre bienvenida. Lo llamamos gentlification, un juego de palabras con gentrificaci\u00f3n.    <\/p>\t            <\/div>        <\/div>\t\t\t\t<\/div>\n\t\t\t\t<\/div>\n\t\t\t\t<div class=\"elementor-element elementor-element-c4b8ab6 elementor-widget elementor-widget-spacer\" data-id=\"c4b8ab6\" data-element_type=\"widget\" data-e-type=\"widget\" data-widget_type=\"spacer.default\">\n\t\t\t\t<div class=\"elementor-widget-container\">\n\t\t\t\t\t\t\t<div class=\"elementor-spacer\">\n\t\t\t<div class=\"elementor-spacer-inner\"><\/div>\n\t\t<\/div>\n\t\t\t\t\t\t<\/div>\n\t\t\t\t<\/div>\n\t\t\t\t<div class=\"elementor-element elementor-element-9007787 elementor-widget elementor-widget-cs_title\" data-id=\"9007787\" data-element_type=\"widget\" data-e-type=\"widget\" data-widget_type=\"cs_title.default\">\n\t\t\t\t<div class=\"elementor-widget-container\">\n\t\t\t\t\t\n        <div class=\"cs-title-wrap text-left\">\t            <h2 class=\"cs-title\">\n\t                ARTISTA EN RESIDENCIA\t            <\/h2>\t            <div class=\"cs-title-text\">\n\t                <p>\u00bfEres poeta, pintor o int\u00e9rprete? Sea lo que sea lo que crees, queremos que te sientas como en casa con nosotros para que puedas seguir compartiendo tu asombro, imaginaci\u00f3n y trabajos. <br><br>Pasa tus d\u00edas en nuestra propiedad y en el caracter\u00edstico barrio de Ser\u2019i Otrobanda, donde la inspiraci\u00f3n aguarda en cada esquina, junto con oportunidades para conectar con artistas locales de nuestra red. <\/p><p>\u00bfTe inspira lo que lees? Env\u00edanos un correo electr\u00f3nico con lo que te gustar\u00eda crear y cu\u00e1ndo. Nos pondremos en contacto contigo si necesitamos m\u00e1s informaci\u00f3n o una vez que hayas sido seleccionado. Nos encanta fomentar la cultura.    <\/p>\t            <\/div>        <\/div>\t\t\t\t<\/div>\n\t\t\t\t<\/div>\n\t\t\t\t<div class=\"elementor-element elementor-element-93b7445 elementor-widget elementor-widget-spacer\" data-id=\"93b7445\" data-element_type=\"widget\" data-e-type=\"widget\" data-widget_type=\"spacer.default\">\n\t\t\t\t<div class=\"elementor-widget-container\">\n\t\t\t\t\t\t\t<div class=\"elementor-spacer\">\n\t\t\t<div class=\"elementor-spacer-inner\"><\/div>\n\t\t<\/div>\n\t\t\t\t\t\t<\/div>\n\t\t\t\t<\/div>\n\t\t\t\t<div class=\"elementor-element elementor-element-32e7638 elementor-widget elementor-widget-cs_title\" data-id=\"32e7638\" data-element_type=\"widget\" data-e-type=\"widget\" data-widget_type=\"cs_title.default\">\n\t\t\t\t<div class=\"elementor-widget-container\">\n\t\t\t\t\t\n        <div class=\"cs-title-wrap text-left\">\t            <h2 class=\"cs-title\">\n\t                MACHIEL HAGEDOORN\t            <\/h2>\t            <div class=\"cs-title-text\">\n\t                <p>Por todo nuestro monumento encontrar\u00e1s obras de nuestro t\u00edo, Machiel Hagedoorn (1911-1988), un renombrado pintor impresionista. Nacido en R\u00f3terdam en 1911, estudi\u00f3 all\u00ed en la Academia de Arte antes de la Segunda Guerra Mundial y m\u00e1s tarde comenz\u00f3 a trabajar en Shell Curazao. <br><br>En Shell se gan\u00f3 el apodo de \u00abel carpintero con pintura\u00bb, ya que trabajaba como carpintero mientras ganaba reconocimiento como escen\u00f3grafo de teatro y como artista independiente. <\/p><p>Hagedoorn se jubil\u00f3 alrededor de 1962 y regres\u00f3 a los Pa\u00edses Bajos. Dej\u00f3 de pintar al \u00f3leo porque sent\u00eda que el clima m\u00e1s fr\u00edo imped\u00eda que la pintura se secara correctamente. Los dibujos a l\u00e1piz y acuarelas que cre\u00f3 despu\u00e9s son de una calidad notable.   <\/p><p>Como tributo a su legado, estamos orgullosos de compartir una peque\u00f1a selecci\u00f3n de nuestra colecci\u00f3n familiar.<\/p>\t            <\/div>        <\/div>\t\t\t\t<\/div>\n\t\t\t\t<\/div>\n\t\t\t\t\t<\/div>\n\t\t<\/div>\n\t\t\t\t<div class=\"elementor-column elementor-col-33 elementor-top-column elementor-element elementor-element-109f45e\" data-id=\"109f45e\" data-element_type=\"column\" data-e-type=\"column\" data-settings=\"{&quot;background_background&quot;:&quot;classic&quot;}\">\n\t\t\t<div class=\"elementor-widget-wrap elementor-element-populated\">\n\t\t\t\t\t\t<section class=\"elementor-section elementor-inner-section elementor-element elementor-element-e25ec93 elementor-section-boxed elementor-section-height-default elementor-section-height-default\" data-id=\"e25ec93\" data-element_type=\"section\" data-e-type=\"section\">\n\t\t\t\t\t\t<div class=\"elementor-container elementor-column-gap-no\">\n\t\t\t\t\t<div class=\"elementor-column elementor-col-100 elementor-inner-column elementor-element elementor-element-61a13d2\" data-id=\"61a13d2\" data-element_type=\"column\" data-e-type=\"column\" data-settings=\"{&quot;background_background&quot;:&quot;classic&quot;}\">\n\t\t\t<div class=\"elementor-widget-wrap elementor-element-populated\">\n\t\t\t\t\t\t<div class=\"elementor-element elementor-element-6c4817d elementor-widget elementor-widget-cs_title\" data-id=\"6c4817d\" data-element_type=\"widget\" data-e-type=\"widget\" data-widget_type=\"cs_title.default\">\n\t\t\t\t<div class=\"elementor-widget-container\">\n\t\t\t\t\t\n        <div class=\"cs-title-wrap text-left\">\t            <h6 class=\"cs-title\">\n\t                Consultas\t            <\/h6>        <\/div>\t\t\t\t<\/div>\n\t\t\t\t<\/div>\n\t\t\t\t<div class=\"elementor-element elementor-element-d4b715b elementor-widget elementor-widget-cs_list\" data-id=\"d4b715b\" data-element_type=\"widget\" data-e-type=\"widget\" data-widget_type=\"cs_list.default\">\n\t\t\t\t<div class=\"elementor-widget-container\">\n\t\t\t\t\t\n            <ul class=\"cs-list cs-list-type-unordered\">                <li>                        <span class=\"list-icon color-primary\">\n                            <svg aria-hidden=\"true\" class=\"e-font-icon-svg e-fas-circle\" viewBox=\"0 0 512 512\" xmlns=\"http:\/\/www.w3.org\/2000\/svg\"><path d=\"M256 8C119 8 8 119 8 256s111 248 248 248 248-111 248-248S393 8 256 8z\"><\/path><\/svg>                        <\/span>                    <span class=\"list-content\">Correo electr\u00f3nico: Stay@DriftHotels.com<\/span>                        <a class=\"list-link\" href=\"mailto:Stay@DriftHotels.com\" aria-label=\"List Item Link\"><\/a>                <\/li>            <\/ul>\t\t\t\t<\/div>\n\t\t\t\t<\/div>\n\t\t\t\t<div class=\"elementor-element elementor-element-dfceeec elementor-position-inline-start elementor-mobile-position-inline-start elementor-view-default elementor-widget elementor-widget-icon-box\" data-id=\"dfceeec\" data-element_type=\"widget\" data-e-type=\"widget\" data-widget_type=\"icon-box.default\">\n\t\t\t\t<div class=\"elementor-widget-container\">\n\t\t\t\t\t\t\t<div class=\"elementor-icon-box-wrapper\">\n\n\t\t\t\t\t\t<div class=\"elementor-icon-box-icon\">\n\t\t\t\t<span  class=\"elementor-icon\">\n\t\t\t\t<svg aria-hidden=\"true\" class=\"e-font-icon-svg e-fas-phone-alt\" viewBox=\"0 0 512 512\" xmlns=\"http:\/\/www.w3.org\/2000\/svg\"><path d=\"M497.39 361.8l-112-48a24 24 0 0 0-28 6.9l-49.6 60.6A370.66 370.66 0 0 1 130.6 204.11l60.6-49.6a23.94 23.94 0 0 0 6.9-28l-48-112A24.16 24.16 0 0 0 122.6.61l-104 24A24 24 0 0 0 0 48c0 256.5 207.9 464 464 464a24 24 0 0 0 23.4-18.6l24-104a24.29 24.29 0 0 0-14.01-27.6z\"><\/path><\/svg>\t\t\t\t<\/span>\n\t\t\t<\/div>\n\t\t\t\n\t\t\t\t\t\t<div class=\"elementor-icon-box-content\">\n\n\t\t\t\t\t\t\t\t\t<div class=\"elementor-icon-box-title\">\n\t\t\t\t\t\t<span  >\n\t\t\t\t\t\t\tInformaci\u00f3n telef\u00f3nica\t\t\t\t\t\t<\/span>\n\t\t\t\t\t<\/div>\n\t\t\t\t\n\t\t\t\t\t\t\t\t\t<p class=\"elementor-icon-box-description\">\n\t\t\t\t\t\t<a href=\"tel:+59996981415\">+599 9 698 1415<\/a>\t\t\t\t\t<\/p>\n\t\t\t\t\n\t\t\t<\/div>\n\t\t\t\n\t\t<\/div>\n\t\t\t\t\t\t<\/div>\n\t\t\t\t<\/div>\n\t\t\t\t\t<\/div>\n\t\t<\/div>\n\t\t\t\t\t<\/div>\n\t\t<\/section>\n\t\t\t\t\t<\/div>\n\t\t<\/div>\n\t\t\t\t\t<\/div>\n\t\t<\/section>\n\t\t\t\t<section class=\"elementor-section elementor-top-section elementor-element elementor-element-a06b5ad elementor-section-full_width elementor-section-height-default elementor-section-height-default\" data-id=\"a06b5ad\" data-element_type=\"section\" data-e-type=\"section\">\n\t\t\t\t\t\t<div class=\"elementor-container elementor-column-gap-no\">\n\t\t\t\t\t<div class=\"elementor-column elementor-col-100 elementor-top-column elementor-element elementor-element-8108a43\" data-id=\"8108a43\" data-element_type=\"column\" data-e-type=\"column\">\n\t\t\t<div class=\"elementor-widget-wrap elementor-element-populated\">\n\t\t\t\t\t\t<div class=\"elementor-element elementor-element-0214a61 elementor-invisible elementor-widget elementor-widget-cs_gallery\" data-id=\"0214a61\" data-element_type=\"widget\" data-e-type=\"widget\" data-settings=\"{&quot;_animation&quot;:&quot;fadeIn&quot;,&quot;_animation_delay&quot;:150}\" data-widget_type=\"cs_gallery.default\">\n\t\t\t\t<div class=\"elementor-widget-container\">\n\t\t\t\t\t\n            <div class=\"cs-gallery gap-2 gallery-carousel slider-dots-overlap\" data-column=\"2\" data-fade=\"\" data-autoplay=\"on\" data-autoplay-speed=\"5000\" data-show-arrows=\"on\" data-show-dots=\"on\" data-variable-width=\"off\" data-overflow-style=\"\" data-center-mode=\"off\">\n                <div class=\"cs-gallery-wrap\">                    <div class=\"cs-gallery-item\">                            <a href=\"https:\/\/drifthotels.com\/wp-content\/uploads\/2025\/05\/20250227\u00a9ingevanaltena_094.jpg\" data-elementor-open-lightbox=\"yes\" data-elementor-lightbox-slideshow=\"0214a61\" data-elementor-lightbox-title=\"20250227\u00a9ingevanaltena_094\" data-e-action-hash=\"#elementor-action%3Aaction%3Dlightbox%26settings%3DeyJpZCI6NjM3MiwidXJsIjoiaHR0cHM6XC9cL2RyaWZ0aG90ZWxzLmNvbVwvd3AtY29udGVudFwvdXBsb2Fkc1wvMjAyNVwvMDVcLzIwMjUwMjI3XHUwMGE5aW5nZXZhbmFsdGVuYV8wOTQuanBnIiwic2xpZGVzaG93IjoiMDIxNGE2MSJ9\" aria-label=\"Image\"><img fetchpriority=\"high\" decoding=\"async\" width=\"1054\" height=\"702\" src=\"https:\/\/drifthotels.com\/wp-content\/uploads\/2025\/05\/20250227\u00a9ingevanaltena_094.jpg\" class=\"attachment-full size-full wp-image-6372\" alt=\"Culture drift hotel\" srcset=\"https:\/\/drifthotels.com\/wp-content\/uploads\/2025\/05\/20250227\u00a9ingevanaltena_094.jpg 1054w, https:\/\/drifthotels.com\/wp-content\/uploads\/2025\/05\/20250227\u00a9ingevanaltena_094-300x200.jpg 300w, https:\/\/drifthotels.com\/wp-content\/uploads\/2025\/05\/20250227\u00a9ingevanaltena_094-1024x682.jpg 1024w, https:\/\/drifthotels.com\/wp-content\/uploads\/2025\/05\/20250227\u00a9ingevanaltena_094-768x512.jpg 768w, https:\/\/drifthotels.com\/wp-content\/uploads\/2025\/05\/20250227\u00a9ingevanaltena_094-780x520.jpg 780w, https:\/\/drifthotels.com\/wp-content\/uploads\/2025\/05\/20250227\u00a9ingevanaltena_094-600x400.jpg 600w, https:\/\/drifthotels.com\/wp-content\/uploads\/2025\/05\/20250227\u00a9ingevanaltena_094-550x366.jpg 550w, https:\/\/drifthotels.com\/wp-content\/uploads\/2025\/05\/20250227\u00a9ingevanaltena_094-370x246.jpg 370w, https:\/\/drifthotels.com\/wp-content\/uploads\/2025\/05\/20250227\u00a9ingevanaltena_094-255x170.jpg 255w, https:\/\/drifthotels.com\/wp-content\/uploads\/2025\/05\/20250227\u00a9ingevanaltena_094-150x100.jpg 150w\" sizes=\"(max-width: 1054px) 100vw, 1054px\" \/><\/a>                    <\/div>                    <div class=\"cs-gallery-item\">                            <a href=\"https:\/\/drifthotels.com\/wp-content\/uploads\/2025\/05\/20250227\u00a9ingevanaltena_068.jpg\" data-elementor-open-lightbox=\"yes\" data-elementor-lightbox-slideshow=\"0214a61\" data-elementor-lightbox-title=\"20250227\u00a9ingevanaltena_068\" data-e-action-hash=\"#elementor-action%3Aaction%3Dlightbox%26settings%3DeyJpZCI6NjM3MywidXJsIjoiaHR0cHM6XC9cL2RyaWZ0aG90ZWxzLmNvbVwvd3AtY29udGVudFwvdXBsb2Fkc1wvMjAyNVwvMDVcLzIwMjUwMjI3XHUwMGE5aW5nZXZhbmFsdGVuYV8wNjguanBnIiwic2xpZGVzaG93IjoiMDIxNGE2MSJ9\" aria-label=\"Image\"><img decoding=\"async\" width=\"1122\" height=\"748\" src=\"https:\/\/drifthotels.com\/wp-content\/uploads\/2025\/05\/20250227\u00a9ingevanaltena_068.jpg\" class=\"attachment-full size-full wp-image-6373\" alt=\"culture drift hotel\" srcset=\"https:\/\/drifthotels.com\/wp-content\/uploads\/2025\/05\/20250227\u00a9ingevanaltena_068.jpg 1122w, https:\/\/drifthotels.com\/wp-content\/uploads\/2025\/05\/20250227\u00a9ingevanaltena_068-300x200.jpg 300w, https:\/\/drifthotels.com\/wp-content\/uploads\/2025\/05\/20250227\u00a9ingevanaltena_068-1024x683.jpg 1024w, https:\/\/drifthotels.com\/wp-content\/uploads\/2025\/05\/20250227\u00a9ingevanaltena_068-768x512.jpg 768w, https:\/\/drifthotels.com\/wp-content\/uploads\/2025\/05\/20250227\u00a9ingevanaltena_068-780x520.jpg 780w, https:\/\/drifthotels.com\/wp-content\/uploads\/2025\/05\/20250227\u00a9ingevanaltena_068-600x400.jpg 600w, https:\/\/drifthotels.com\/wp-content\/uploads\/2025\/05\/20250227\u00a9ingevanaltena_068-550x367.jpg 550w, https:\/\/drifthotels.com\/wp-content\/uploads\/2025\/05\/20250227\u00a9ingevanaltena_068-370x247.jpg 370w, https:\/\/drifthotels.com\/wp-content\/uploads\/2025\/05\/20250227\u00a9ingevanaltena_068-255x170.jpg 255w, https:\/\/drifthotels.com\/wp-content\/uploads\/2025\/05\/20250227\u00a9ingevanaltena_068-150x100.jpg 150w\" sizes=\"(max-width: 1122px) 100vw, 1122px\" \/><\/a>                    <\/div>                <\/div>\n            <\/div>\t\t\t\t<\/div>\n\t\t\t\t<\/div>\n\t\t\t\t\t<\/div>\n\t\t<\/div>\n\t\t\t\t\t<\/div>\n\t\t<\/section>\n\t\t\t\t<\/div>\n\t\t","protected":false},"excerpt":{"rendered":"<p>CULTURA EL ARTE EN EL CORAZ\u00d3N En Drift, podr\u00edas encontrarte compartiendo tu estancia con un artista. Colaboramos estrechamente con creativos en una amplia gama de actividades culturales de peque\u00f1a escala y alta calidad, que incluyen exposiciones, conferencias, noches de poes\u00eda, m\u00fasica en vivo y, ocasionalmente, presentaciones de nuestro artista en residencia. Estas actividades sin fines &#8230;<\/p>\n","protected":false},"author":1,"featured_media":0,"parent":0,"menu_order":0,"comment_status":"closed","ping_status":"closed","template":"template-wide-content.php","meta":{"_monsterinsights_skip_tracking":false,"_monsterinsights_sitenote_active":false,"_monsterinsights_sitenote_note":"","_monsterinsights_sitenote_category":0,"cozystay_single_page_hide_site_header":"","cozystay_single_page_site_header_source":"","cozystay_single_page_custom_site_header":"0","cozystay_single_page_custom_sticky_site_header":"0","cozystay_single_page_hide_page_title":"","cozystay_single_page_header_section_size":"","cozystay_single_page_header_background_color":"","cozystay_single_page_header_background_position_x":"center","cozystay_single_page_header_background_position_y":"center","cozystay_single_page_header_background_size":"cover","cozystay_single_page_header_background_repeat":"off","cozystay_single_page_header_background_scroll":"on","cozystay_single_page_header_text_color":"","cozystay_single_page_header_show_breadcrumb":"","cozystay_single_page_site_footer_hide_main":"","cozystay_single_custom_site_footer_main_source":"","cozystay_single_custom_site_footer_main":"0","cozystay_single_page_site_footer_hide_above":"","cozystay_single_custom_site_footer_above_source":"","cozystay_single_custom_site_footer_above":"0","cozystay_single_page_site_footer_hide_instagram":"","cozystay_single_page_site_footer_hide_bottom":"","cozystay_single_custom_mobile_menu_source":"","cozystay_single_custom_mobile_menu":"0","cozystay_single_custom_mobile_menu_animation":"","cozystay_single_custom_mobile_menu_width":"","cozystay_single_custom_mobile_menu_custom_width":375,"footnotes":""},"class_list":["post-6374","page","type-page","status-publish","hentry"],"yoast_head":"<!-- This site is optimized with the Yoast SEO Premium plugin v27.4 (Yoast SEO v27.4) - https:\/\/yoast.com\/product\/yoast-seo-premium-wordpress\/ -->\n<title>Drift Hotels Culture | Art, Events &amp; Local Engagement in Cura\u00e7ao<\/title>\n<meta name=\"description\" content=\"Explore Drift Hotels\u2019 culture in Cura\u00e7ao \u2014 art showcases, live events, community programs, and creative experiences rooted in local life.\" \/>\n<meta name=\"robots\" content=\"index, follow, max-snippet:-1, max-image-preview:large, max-video-preview:-1\" \/>\n<link rel=\"canonical\" href=\"https:\/\/drifthotels.com\/es\/cultura\/\" \/>\n<meta property=\"og:locale\" content=\"es_ES\" \/>\n<meta property=\"og:type\" content=\"article\" \/>\n<meta property=\"og:title\" content=\"Cultura\" \/>\n<meta property=\"og:description\" content=\"Explore Drift Hotels\u2019 culture in Cura\u00e7ao \u2014 art showcases, live events, community programs, and creative experiences rooted in local life.\" \/>\n<meta property=\"og:url\" content=\"https:\/\/drifthotels.com\/es\/cultura\/\" \/>\n<meta property=\"og:site_name\" content=\"Drift Hotels\" \/>\n<meta property=\"article:modified_time\" content=\"2026-03-23T04:46:57+00:00\" \/>\n<meta name=\"twitter:card\" content=\"summary_large_image\" \/>\n<meta name=\"twitter:label1\" content=\"Tiempo de lectura\" \/>\n\t<meta name=\"twitter:data1\" content=\"2 minutos\" \/>\n<!-- \/ Yoast SEO Premium plugin. -->","yoast_head_json":{"title":"Drift Hotels Culture | Art, Events & Local Engagement in Cura\u00e7ao","description":"Explore Drift Hotels\u2019 culture in Cura\u00e7ao \u2014 art showcases, live events, community programs, and creative experiences rooted in local life.","robots":{"index":"index","follow":"follow","max-snippet":"max-snippet:-1","max-image-preview":"max-image-preview:large","max-video-preview":"max-video-preview:-1"},"canonical":"https:\/\/drifthotels.com\/es\/cultura\/","og_locale":"es_ES","og_type":"article","og_title":"Cultura","og_description":"Explore Drift Hotels\u2019 culture in Cura\u00e7ao \u2014 art showcases, live events, community programs, and creative experiences rooted in local life.","og_url":"https:\/\/drifthotels.com\/es\/cultura\/","og_site_name":"Drift Hotels","article_modified_time":"2026-03-23T04:46:57+00:00","twitter_card":"summary_large_image","twitter_misc":{"Tiempo de lectura":"2 minutos"},"schema":{"@context":"https:\/\/schema.org","@graph":[{"@type":"WebPage","@id":"https:\/\/drifthotels.com\/es\/cultura\/","url":"https:\/\/drifthotels.com\/es\/cultura\/","name":"Drift Hotels Culture | Art, Events & Local Engagement in Cura\u00e7ao","isPartOf":{"@id":"https:\/\/drifthotels.com\/#website"},"datePublished":"2025-03-21T11:12:29+00:00","dateModified":"2026-03-23T04:46:57+00:00","description":"Explore Drift Hotels\u2019 culture in Cura\u00e7ao \u2014 art showcases, live events, community programs, and creative experiences rooted in local life.","breadcrumb":{"@id":"https:\/\/drifthotels.com\/es\/cultura\/#breadcrumb"},"inLanguage":"es","potentialAction":[{"@type":"ReadAction","target":["https:\/\/drifthotels.com\/es\/cultura\/"]}]},{"@type":"BreadcrumbList","@id":"https:\/\/drifthotels.com\/es\/cultura\/#breadcrumb","itemListElement":[{"@type":"ListItem","position":1,"name":"Home","item":"https:\/\/drifthotels.com\/"},{"@type":"ListItem","position":2,"name":"Cultura"}]},{"@type":"WebSite","@id":"https:\/\/drifthotels.com\/#website","url":"https:\/\/drifthotels.com\/","name":"Drift Hotels","description":"STAY. CONNECT. DRIFT.","publisher":{"@id":"https:\/\/drifthotels.com\/#organization"},"potentialAction":[{"@type":"SearchAction","target":{"@type":"EntryPoint","urlTemplate":"https:\/\/drifthotels.com\/?s={search_term_string}"},"query-input":{"@type":"PropertyValueSpecification","valueRequired":true,"valueName":"search_term_string"}}],"inLanguage":"es"},{"@type":"Organization","@id":"https:\/\/drifthotels.com\/#organization","name":"Drift Hotels","url":"https:\/\/drifthotels.com\/","logo":{"@type":"ImageObject","inLanguage":"es","@id":"https:\/\/drifthotels.com\/#\/schema\/logo\/image\/","url":"https:\/\/drifthotels.com\/wp-content\/uploads\/2024\/12\/cropped-drift-logo.png","contentUrl":"https:\/\/drifthotels.com\/wp-content\/uploads\/2024\/12\/cropped-drift-logo.png","width":2203,"height":673,"caption":"Drift Hotels"},"image":{"@id":"https:\/\/drifthotels.com\/#\/schema\/logo\/image\/"}}]}},"_links":{"self":[{"href":"https:\/\/drifthotels.com\/es\/wp-json\/wp\/v2\/pages\/6374","targetHints":{"allow":["GET"]}}],"collection":[{"href":"https:\/\/drifthotels.com\/es\/wp-json\/wp\/v2\/pages"}],"about":[{"href":"https:\/\/drifthotels.com\/es\/wp-json\/wp\/v2\/types\/page"}],"author":[{"embeddable":true,"href":"https:\/\/drifthotels.com\/es\/wp-json\/wp\/v2\/users\/1"}],"replies":[{"embeddable":true,"href":"https:\/\/drifthotels.com\/es\/wp-json\/wp\/v2\/comments?post=6374"}],"version-history":[{"count":2,"href":"https:\/\/drifthotels.com\/es\/wp-json\/wp\/v2\/pages\/6374\/revisions"}],"predecessor-version":[{"id":6825,"href":"https:\/\/drifthotels.com\/es\/wp-json\/wp\/v2\/pages\/6374\/revisions\/6825"}],"wp:attachment":[{"href":"https:\/\/drifthotels.com\/es\/wp-json\/wp\/v2\/media?parent=6374"}],"curies":[{"name":"wp","href":"https:\/\/api.w.org\/{rel}","templated":true}]}}