{"id":6325,"date":"2023-03-17T07:55:12","date_gmt":"2023-03-17T07:55:12","guid":{"rendered":"https:\/\/drifthotels.com\/nuestra-historia\/"},"modified":"2026-03-23T04:44:35","modified_gmt":"2026-03-23T04:44:35","slug":"nuestra-historia","status":"publish","type":"page","link":"https:\/\/drifthotels.com\/es\/nuestra-historia\/","title":{"rendered":"Sobre el hotel"},"content":{"rendered":"\t\t<div data-elementor-type=\"wp-page\" data-elementor-id=\"6325\" class=\"elementor elementor-6325 elementor-594\">\n\t\t\t\t\t\t<section class=\"elementor-section elementor-top-section elementor-element elementor-element-223ffc92 elementor-section-height-min-height cs-section-content-fullwidth cs_scroll_y_100 cs-parallax-on-scroll elementor-section-boxed elementor-section-height-default elementor-section-items-middle\" data-id=\"223ffc92\" data-element_type=\"section\" data-e-type=\"section\" data-settings=\"{&quot;background_background&quot;:&quot;slideshow&quot;,&quot;background_slideshow_gallery&quot;:[{&quot;id&quot;:6323,&quot;url&quot;:&quot;https:\\\/\\\/drifthotels.com\\\/wp-content\\\/uploads\\\/2025\\\/09\\\/xxx-loft-apartment-our-.webp&quot;}],&quot;background_slideshow_slide_duration&quot;:5000,&quot;background_slideshow_slide_transition&quot;:&quot;fade&quot;,&quot;background_slideshow_transition_duration&quot;:500}\" data-cs-parallax-y=\"100\">\n\t\t\t\t\t\t\t<div class=\"elementor-background-overlay\"><\/div>\n\t\t\t\t\t\t\t<div class=\"elementor-container elementor-column-gap-no\">\n\t\t\t\t\t<div class=\"elementor-column elementor-col-100 elementor-top-column elementor-element elementor-element-6755f0d2 dark-color\" data-id=\"6755f0d2\" data-element_type=\"column\" data-e-type=\"column\">\n\t\t\t<div class=\"elementor-widget-wrap elementor-element-populated\">\n\t\t\t\t\t\t<div class=\"elementor-element elementor-element-1efed886 elementor-widget elementor-widget-cs_title\" data-id=\"1efed886\" data-element_type=\"widget\" data-e-type=\"widget\" data-widget_type=\"cs_title.default\">\n\t\t\t\t<div class=\"elementor-widget-container\">\n\t\t\t\t\t\n        <div class=\"cs-title-wrap text-center\">\t            <h1 class=\"cs-title\">\n\t                NUESTRA HISTORIA\t            <\/h1>        <\/div>\t\t\t\t<\/div>\n\t\t\t\t<\/div>\n\t\t\t\t\t<\/div>\n\t\t<\/div>\n\t\t\t\t\t<\/div>\n\t\t<\/section>\n\t\t\t\t<section class=\"elementor-section elementor-top-section elementor-element elementor-element-31d4b2a elementor-section-full_width elementor-section-content-middle animated-slow elementor-section-height-default elementor-section-height-default elementor-invisible\" data-id=\"31d4b2a\" data-element_type=\"section\" data-e-type=\"section\" data-settings=\"{&quot;background_background&quot;:&quot;classic&quot;,&quot;animation&quot;:&quot;fadeIn&quot;,&quot;animation_delay&quot;:150}\">\n\t\t\t\t\t\t<div class=\"elementor-container elementor-column-gap-no\">\n\t\t\t\t\t<div class=\"elementor-column elementor-col-66 elementor-top-column elementor-element elementor-element-23fdfcc\" data-id=\"23fdfcc\" data-element_type=\"column\" data-e-type=\"column\">\n\t\t\t<div class=\"elementor-widget-wrap elementor-element-populated\">\n\t\t\t\t\t\t<div class=\"elementor-element elementor-element-f2083dc elementor-widget elementor-widget-cs_title\" data-id=\"f2083dc\" data-element_type=\"widget\" data-e-type=\"widget\" data-widget_type=\"cs_title.default\">\n\t\t\t\t<div class=\"elementor-widget-container\">\n\t\t\t\t\t\n        <div class=\"cs-title-wrap text-left\">\t            <h2 class=\"cs-title\">\n\t                Nuestra isla natal\t            <\/h2>\t            <div class=\"cs-title-text\">\n\t                <p><span dir=\"auto\" style=\"vertical-align: inherit;\"><span dir=\"auto\" style=\"vertical-align: inherit;\">Curazao es nuestro lugar de nacimiento y, como hijos de la isla, siempre hemos sentido una profunda conexi\u00f3n con ella. Quiz\u00e1s nuestro amor por el sol y el mar comenz\u00f3 con nuestro primer chapuz\u00f3n en el agua cuando solo ten\u00edamos dos semanas de vida; no lo sabemos con seguridad, pero es muy posible.   <\/span><\/span><\/p><p><span dir=\"auto\" style=\"vertical-align: inherit;\"><span dir=\"auto\" style=\"vertical-align: inherit;\">Somos Erik y Robin, hermanos que unieron fuerzas para fundar DRIFT. Con largas trayectorias en restauraci\u00f3n, hosteler\u00eda y transformaci\u00f3n de edificios hist\u00f3ricos, desde Otrobanda hasta iglesias convertidas en los Pa\u00edses Bajos, desarrollamos y operamos hoteles a medida que enriquecen los barrios y satisfacen las necesidades de los viajeros de hoy.   <\/span><\/span><\/p><p><span dir=\"auto\" style=\"vertical-align: inherit;\"><span dir=\"auto\" style=\"vertical-align: inherit;\">Hospitalidad con alma se une a la experiencia inmobiliaria.    <\/span><\/span><\/p><p><span dir=\"auto\" style=\"vertical-align: inherit;\"><span dir=\"auto\" style=\"vertical-align: inherit;\">Compartimos la pasi\u00f3n por el patrimonio nacional y vamos m\u00e1s all\u00e1 de la hospitalidad tradicional, combinando el dise\u00f1o de hotel boutique con la libertad y flexibilidad de los apartamentos con servicios. Nuestro objetivo es crear propiedades distintivas arraigadas en su localidad y ambiente hist\u00f3rico, ofreciendo experiencias excelentes a un precio justo, con un equilibrio cuidadoso entre fiabilidad, diligencia y responsabilidad social.  <\/span><\/span><\/p><p><span dir=\"auto\" style=\"vertical-align: inherit;\"><span dir=\"auto\" style=\"vertical-align: inherit;\">A medida que pasa el tiempo y nuestra visi\u00f3n crece, tambi\u00e9n lo hace nuestra historia. Te invitamos a ser parte de ella.<\/span><\/span><\/p><p><span dir=\"auto\" style=\"vertical-align: inherit;\"><span dir=\"auto\" style=\"vertical-align: inherit;\">Con amor,<br>Erik &amp; Robin Hagedoorn<\/span><\/span><\/p>\t            <\/div>        <\/div>\t\t\t\t<\/div>\n\t\t\t\t<\/div>\n\t\t\t\t\t<\/div>\n\t\t<\/div>\n\t\t\t\t<div class=\"elementor-column elementor-col-33 elementor-top-column elementor-element elementor-element-e146406\" data-id=\"e146406\" data-element_type=\"column\" data-e-type=\"column\" data-settings=\"{&quot;background_background&quot;:&quot;classic&quot;}\">\n\t\t\t<div class=\"elementor-widget-wrap elementor-element-populated\">\n\t\t\t\t\t\t<div class=\"elementor-element elementor-element-f94600b elementor-position-top elementor-widget elementor-widget-image-box\" data-id=\"f94600b\" data-element_type=\"widget\" data-e-type=\"widget\" data-widget_type=\"image-box.default\">\n\t\t\t\t<div class=\"elementor-widget-container\">\n\t\t\t\t\t<div class=\"elementor-image-box-wrapper\"><figure class=\"elementor-image-box-img\"><img fetchpriority=\"high\" decoding=\"async\" width=\"768\" height=\"467\" src=\"https:\/\/drifthotels.com\/wp-content\/uploads\/2026\/01\/PHOTO-2026-01-09-08-54-24-768x467.jpg\" class=\"attachment-medium_large size-medium_large wp-image-6324\" alt=\"\" srcset=\"https:\/\/drifthotels.com\/wp-content\/uploads\/2026\/01\/PHOTO-2026-01-09-08-54-24-768x467.jpg 768w, https:\/\/drifthotels.com\/wp-content\/uploads\/2026\/01\/PHOTO-2026-01-09-08-54-24-300x182.jpg 300w, https:\/\/drifthotels.com\/wp-content\/uploads\/2026\/01\/PHOTO-2026-01-09-08-54-24-1024x623.jpg 1024w, https:\/\/drifthotels.com\/wp-content\/uploads\/2026\/01\/PHOTO-2026-01-09-08-54-24-1536x934.jpg 1536w, https:\/\/drifthotels.com\/wp-content\/uploads\/2026\/01\/PHOTO-2026-01-09-08-54-24-1440x876.jpg 1440w, https:\/\/drifthotels.com\/wp-content\/uploads\/2026\/01\/PHOTO-2026-01-09-08-54-24-1200x730.jpg 1200w, https:\/\/drifthotels.com\/wp-content\/uploads\/2026\/01\/PHOTO-2026-01-09-08-54-24-780x474.jpg 780w, https:\/\/drifthotels.com\/wp-content\/uploads\/2026\/01\/PHOTO-2026-01-09-08-54-24-600x365.jpg 600w, https:\/\/drifthotels.com\/wp-content\/uploads\/2026\/01\/PHOTO-2026-01-09-08-54-24-550x335.jpg 550w, https:\/\/drifthotels.com\/wp-content\/uploads\/2026\/01\/PHOTO-2026-01-09-08-54-24-370x225.jpg 370w, https:\/\/drifthotels.com\/wp-content\/uploads\/2026\/01\/PHOTO-2026-01-09-08-54-24-255x155.jpg 255w, https:\/\/drifthotels.com\/wp-content\/uploads\/2026\/01\/PHOTO-2026-01-09-08-54-24-150x91.jpg 150w, https:\/\/drifthotels.com\/wp-content\/uploads\/2026\/01\/PHOTO-2026-01-09-08-54-24.jpg 1728w\" sizes=\"(max-width: 768px) 100vw, 768px\" \/><\/figure><\/div>\t\t\t\t<\/div>\n\t\t\t\t<\/div>\n\t\t\t\t\t<\/div>\n\t\t<\/div>\n\t\t\t\t\t<\/div>\n\t\t<\/section>\n\t\t<div class=\"elementor-element elementor-element-c98d46f e-con-full e-flex e-con e-parent\" data-id=\"c98d46f\" data-element_type=\"container\" data-e-type=\"container\">\n\t\t\t\t<div class=\"elementor-element elementor-element-0c105d7 elementor-widget elementor-widget-cs_gallery\" data-id=\"0c105d7\" data-element_type=\"widget\" data-e-type=\"widget\" data-widget_type=\"cs_gallery.default\">\n\t\t\t\t<div class=\"elementor-widget-container\">\n\t\t\t\t\t\n            <div class=\"cs-gallery gap-2 gallery-grid grid-col-3\">\n                <div class=\"cs-gallery-wrap\">                    <div class=\"cs-gallery-item\">                            <a href=\"https:\/\/drifthotels.com\/wp-content\/uploads\/2025\/09\/1-1.jpg\" data-elementor-open-lightbox=\"yes\" data-elementor-lightbox-slideshow=\"0c105d7\" data-elementor-lightbox-title=\"1\" data-e-action-hash=\"#elementor-action%3Aaction%3Dlightbox%26settings%3DeyJpZCI6NjMxNywidXJsIjoiaHR0cHM6XC9cL2RyaWZ0aG90ZWxzLmNvbVwvd3AtY29udGVudFwvdXBsb2Fkc1wvMjAyNVwvMDlcLzEtMS5qcGciLCJzbGlkZXNob3ciOiIwYzEwNWQ3In0%3D\" aria-label=\"Image\"><img decoding=\"async\" width=\"780\" height=\"585\" src=\"https:\/\/drifthotels.com\/wp-content\/uploads\/2025\/09\/1-1-780x585.jpg\" class=\"attachment-cozystay_780x9999 size-cozystay_780x9999 wp-image-6317\" alt=\"about the hotel- drift hotel\" srcset=\"https:\/\/drifthotels.com\/wp-content\/uploads\/2025\/09\/1-1-780x585.jpg 780w, https:\/\/drifthotels.com\/wp-content\/uploads\/2025\/09\/1-1-300x225.jpg 300w, https:\/\/drifthotels.com\/wp-content\/uploads\/2025\/09\/1-1-768x576.jpg 768w, https:\/\/drifthotels.com\/wp-content\/uploads\/2025\/09\/1-1-600x450.jpg 600w, https:\/\/drifthotels.com\/wp-content\/uploads\/2025\/09\/1-1-550x413.jpg 550w, https:\/\/drifthotels.com\/wp-content\/uploads\/2025\/09\/1-1-370x278.jpg 370w, https:\/\/drifthotels.com\/wp-content\/uploads\/2025\/09\/1-1-255x191.jpg 255w, https:\/\/drifthotels.com\/wp-content\/uploads\/2025\/09\/1-1-150x113.jpg 150w, https:\/\/drifthotels.com\/wp-content\/uploads\/2025\/09\/1-1.jpg 800w\" sizes=\"(max-width: 780px) 100vw, 780px\" \/><\/a>                    <\/div>                    <div class=\"cs-gallery-item\">                            <a href=\"https:\/\/drifthotels.com\/wp-content\/uploads\/2025\/09\/2-1.jpg\" data-elementor-open-lightbox=\"yes\" data-elementor-lightbox-slideshow=\"0c105d7\" data-elementor-lightbox-title=\"2\" data-e-action-hash=\"#elementor-action%3Aaction%3Dlightbox%26settings%3DeyJpZCI6NjMxOCwidXJsIjoiaHR0cHM6XC9cL2RyaWZ0aG90ZWxzLmNvbVwvd3AtY29udGVudFwvdXBsb2Fkc1wvMjAyNVwvMDlcLzItMS5qcGciLCJzbGlkZXNob3ciOiIwYzEwNWQ3In0%3D\" aria-label=\"Image\"><img decoding=\"async\" width=\"780\" height=\"585\" src=\"https:\/\/drifthotels.com\/wp-content\/uploads\/2025\/09\/2-1-780x585.jpg\" class=\"attachment-cozystay_780x9999 size-cozystay_780x9999 wp-image-6318\" alt=\"about the hotel- drift hotel\" srcset=\"https:\/\/drifthotels.com\/wp-content\/uploads\/2025\/09\/2-1-780x585.jpg 780w, https:\/\/drifthotels.com\/wp-content\/uploads\/2025\/09\/2-1-300x225.jpg 300w, https:\/\/drifthotels.com\/wp-content\/uploads\/2025\/09\/2-1-768x576.jpg 768w, https:\/\/drifthotels.com\/wp-content\/uploads\/2025\/09\/2-1-600x450.jpg 600w, https:\/\/drifthotels.com\/wp-content\/uploads\/2025\/09\/2-1-550x413.jpg 550w, https:\/\/drifthotels.com\/wp-content\/uploads\/2025\/09\/2-1-370x278.jpg 370w, https:\/\/drifthotels.com\/wp-content\/uploads\/2025\/09\/2-1-255x191.jpg 255w, https:\/\/drifthotels.com\/wp-content\/uploads\/2025\/09\/2-1-150x113.jpg 150w, https:\/\/drifthotels.com\/wp-content\/uploads\/2025\/09\/2-1.jpg 800w\" sizes=\"(max-width: 780px) 100vw, 780px\" \/><\/a>                    <\/div>                    <div class=\"cs-gallery-item\">                            <a href=\"https:\/\/drifthotels.com\/wp-content\/uploads\/2025\/09\/3-1.jpg\" data-elementor-open-lightbox=\"yes\" data-elementor-lightbox-slideshow=\"0c105d7\" data-elementor-lightbox-title=\"3\" data-e-action-hash=\"#elementor-action%3Aaction%3Dlightbox%26settings%3DeyJpZCI6NjMxOSwidXJsIjoiaHR0cHM6XC9cL2RyaWZ0aG90ZWxzLmNvbVwvd3AtY29udGVudFwvdXBsb2Fkc1wvMjAyNVwvMDlcLzMtMS5qcGciLCJzbGlkZXNob3ciOiIwYzEwNWQ3In0%3D\" aria-label=\"Image\"><img loading=\"lazy\" decoding=\"async\" width=\"780\" height=\"585\" src=\"https:\/\/drifthotels.com\/wp-content\/uploads\/2025\/09\/3-1-780x585.jpg\" class=\"attachment-cozystay_780x9999 size-cozystay_780x9999 wp-image-6319\" alt=\"about the hotel- drift hotel\" srcset=\"https:\/\/drifthotels.com\/wp-content\/uploads\/2025\/09\/3-1-780x585.jpg 780w, https:\/\/drifthotels.com\/wp-content\/uploads\/2025\/09\/3-1-300x225.jpg 300w, https:\/\/drifthotels.com\/wp-content\/uploads\/2025\/09\/3-1-768x576.jpg 768w, https:\/\/drifthotels.com\/wp-content\/uploads\/2025\/09\/3-1-600x450.jpg 600w, https:\/\/drifthotels.com\/wp-content\/uploads\/2025\/09\/3-1-550x413.jpg 550w, https:\/\/drifthotels.com\/wp-content\/uploads\/2025\/09\/3-1-370x278.jpg 370w, https:\/\/drifthotels.com\/wp-content\/uploads\/2025\/09\/3-1-255x191.jpg 255w, https:\/\/drifthotels.com\/wp-content\/uploads\/2025\/09\/3-1-150x113.jpg 150w, https:\/\/drifthotels.com\/wp-content\/uploads\/2025\/09\/3-1.jpg 800w\" sizes=\"(max-width: 780px) 100vw, 780px\" \/><\/a>                    <\/div>                    <div class=\"cs-gallery-item\">                            <a href=\"https:\/\/drifthotels.com\/wp-content\/uploads\/2025\/09\/4-1.jpg\" data-elementor-open-lightbox=\"yes\" data-elementor-lightbox-slideshow=\"0c105d7\" data-elementor-lightbox-title=\"4\" data-e-action-hash=\"#elementor-action%3Aaction%3Dlightbox%26settings%3DeyJpZCI6NjMyMCwidXJsIjoiaHR0cHM6XC9cL2RyaWZ0aG90ZWxzLmNvbVwvd3AtY29udGVudFwvdXBsb2Fkc1wvMjAyNVwvMDlcLzQtMS5qcGciLCJzbGlkZXNob3ciOiIwYzEwNWQ3In0%3D\" aria-label=\"Image\"><img loading=\"lazy\" decoding=\"async\" width=\"780\" height=\"585\" src=\"https:\/\/drifthotels.com\/wp-content\/uploads\/2025\/09\/4-1-780x585.jpg\" class=\"attachment-cozystay_780x9999 size-cozystay_780x9999 wp-image-6320\" alt=\"about the hotel- drift hotel\" srcset=\"https:\/\/drifthotels.com\/wp-content\/uploads\/2025\/09\/4-1-780x585.jpg 780w, https:\/\/drifthotels.com\/wp-content\/uploads\/2025\/09\/4-1-300x225.jpg 300w, https:\/\/drifthotels.com\/wp-content\/uploads\/2025\/09\/4-1-768x576.jpg 768w, https:\/\/drifthotels.com\/wp-content\/uploads\/2025\/09\/4-1-600x450.jpg 600w, https:\/\/drifthotels.com\/wp-content\/uploads\/2025\/09\/4-1-550x413.jpg 550w, https:\/\/drifthotels.com\/wp-content\/uploads\/2025\/09\/4-1-370x278.jpg 370w, https:\/\/drifthotels.com\/wp-content\/uploads\/2025\/09\/4-1-255x191.jpg 255w, https:\/\/drifthotels.com\/wp-content\/uploads\/2025\/09\/4-1-150x113.jpg 150w, https:\/\/drifthotels.com\/wp-content\/uploads\/2025\/09\/4-1.jpg 800w\" sizes=\"(max-width: 780px) 100vw, 780px\" \/><\/a>                    <\/div>                    <div class=\"cs-gallery-item\">                            <a href=\"https:\/\/drifthotels.com\/wp-content\/uploads\/2025\/09\/5-1.jpg\" data-elementor-open-lightbox=\"yes\" data-elementor-lightbox-slideshow=\"0c105d7\" data-elementor-lightbox-title=\"5\" data-e-action-hash=\"#elementor-action%3Aaction%3Dlightbox%26settings%3DeyJpZCI6NjMyMSwidXJsIjoiaHR0cHM6XC9cL2RyaWZ0aG90ZWxzLmNvbVwvd3AtY29udGVudFwvdXBsb2Fkc1wvMjAyNVwvMDlcLzUtMS5qcGciLCJzbGlkZXNob3ciOiIwYzEwNWQ3In0%3D\" aria-label=\"Image\"><img loading=\"lazy\" decoding=\"async\" width=\"780\" height=\"585\" src=\"https:\/\/drifthotels.com\/wp-content\/uploads\/2025\/09\/5-1-780x585.jpg\" class=\"attachment-cozystay_780x9999 size-cozystay_780x9999 wp-image-6321\" alt=\"about the hotel- drift hotel\" srcset=\"https:\/\/drifthotels.com\/wp-content\/uploads\/2025\/09\/5-1-780x585.jpg 780w, https:\/\/drifthotels.com\/wp-content\/uploads\/2025\/09\/5-1-300x225.jpg 300w, https:\/\/drifthotels.com\/wp-content\/uploads\/2025\/09\/5-1-768x576.jpg 768w, https:\/\/drifthotels.com\/wp-content\/uploads\/2025\/09\/5-1-600x450.jpg 600w, https:\/\/drifthotels.com\/wp-content\/uploads\/2025\/09\/5-1-550x413.jpg 550w, https:\/\/drifthotels.com\/wp-content\/uploads\/2025\/09\/5-1-370x278.jpg 370w, https:\/\/drifthotels.com\/wp-content\/uploads\/2025\/09\/5-1-255x191.jpg 255w, https:\/\/drifthotels.com\/wp-content\/uploads\/2025\/09\/5-1-150x113.jpg 150w, https:\/\/drifthotels.com\/wp-content\/uploads\/2025\/09\/5-1.jpg 800w\" sizes=\"(max-width: 780px) 100vw, 780px\" \/><\/a>                    <\/div>                    <div class=\"cs-gallery-item\">                            <a href=\"https:\/\/drifthotels.com\/wp-content\/uploads\/2025\/09\/6-1.jpg\" data-elementor-open-lightbox=\"yes\" data-elementor-lightbox-slideshow=\"0c105d7\" data-elementor-lightbox-title=\"6\" data-e-action-hash=\"#elementor-action%3Aaction%3Dlightbox%26settings%3DeyJpZCI6NjMyMiwidXJsIjoiaHR0cHM6XC9cL2RyaWZ0aG90ZWxzLmNvbVwvd3AtY29udGVudFwvdXBsb2Fkc1wvMjAyNVwvMDlcLzYtMS5qcGciLCJzbGlkZXNob3ciOiIwYzEwNWQ3In0%3D\" aria-label=\"Image\"><img loading=\"lazy\" decoding=\"async\" width=\"780\" height=\"585\" src=\"https:\/\/drifthotels.com\/wp-content\/uploads\/2025\/09\/6-1-780x585.jpg\" class=\"attachment-cozystay_780x9999 size-cozystay_780x9999 wp-image-6322\" alt=\"about the hotel- drift hotel\" srcset=\"https:\/\/drifthotels.com\/wp-content\/uploads\/2025\/09\/6-1-780x585.jpg 780w, https:\/\/drifthotels.com\/wp-content\/uploads\/2025\/09\/6-1-300x225.jpg 300w, https:\/\/drifthotels.com\/wp-content\/uploads\/2025\/09\/6-1-768x576.jpg 768w, https:\/\/drifthotels.com\/wp-content\/uploads\/2025\/09\/6-1-600x450.jpg 600w, https:\/\/drifthotels.com\/wp-content\/uploads\/2025\/09\/6-1-550x413.jpg 550w, https:\/\/drifthotels.com\/wp-content\/uploads\/2025\/09\/6-1-370x278.jpg 370w, https:\/\/drifthotels.com\/wp-content\/uploads\/2025\/09\/6-1-255x191.jpg 255w, https:\/\/drifthotels.com\/wp-content\/uploads\/2025\/09\/6-1-150x113.jpg 150w, https:\/\/drifthotels.com\/wp-content\/uploads\/2025\/09\/6-1.jpg 800w\" sizes=\"(max-width: 780px) 100vw, 780px\" \/><\/a>                    <\/div>                <\/div>\n            <\/div>\t\t\t\t<\/div>\n\t\t\t\t<\/div>\n\t\t\t\t<\/div>\n\t\t\t\t<\/div>\n\t\t","protected":false},"excerpt":{"rendered":"<p>NUESTRA HISTORIA Nuestra isla natal Curazao es nuestro lugar de nacimiento y, como hijos de la isla, siempre hemos sentido una profunda conexi\u00f3n con ella. Quiz\u00e1s nuestro amor por el sol y el mar comenz\u00f3 con nuestro primer chapuz\u00f3n en el agua cuando solo ten\u00edamos dos semanas de vida; no lo sabemos con seguridad, pero &#8230;<\/p>\n","protected":false},"author":1,"featured_media":0,"parent":0,"menu_order":0,"comment_status":"closed","ping_status":"closed","template":"template-wide-content.php","meta":{"_monsterinsights_skip_tracking":false,"_monsterinsights_sitenote_active":false,"_monsterinsights_sitenote_note":"","_monsterinsights_sitenote_category":0,"cozystay_single_page_hide_site_header":"","cozystay_single_page_site_header_source":"","cozystay_single_page_custom_site_header":"0","cozystay_single_page_custom_sticky_site_header":"0","cozystay_single_page_hide_page_title":"on","cozystay_single_page_header_section_size":"","cozystay_single_page_header_background_color":"","cozystay_single_page_header_background_position_x":"center","cozystay_single_page_header_background_position_y":"center","cozystay_single_page_header_background_size":"cover","cozystay_single_page_header_background_repeat":"off","cozystay_single_page_header_background_scroll":"on","cozystay_single_page_header_text_color":"","cozystay_single_page_header_show_breadcrumb":"","cozystay_single_page_site_footer_hide_main":"","cozystay_single_custom_site_footer_main_source":"","cozystay_single_custom_site_footer_main":"0","cozystay_single_page_site_footer_hide_above":"","cozystay_single_custom_site_footer_above_source":"","cozystay_single_custom_site_footer_above":"0","cozystay_single_page_site_footer_hide_instagram":"","cozystay_single_page_site_footer_hide_bottom":"","cozystay_single_custom_mobile_menu_source":"","cozystay_single_custom_mobile_menu":"0","cozystay_single_custom_mobile_menu_animation":"","cozystay_single_custom_mobile_menu_width":"","cozystay_single_custom_mobile_menu_custom_width":375,"footnotes":""},"class_list":["post-6325","page","type-page","status-publish","hentry"],"yoast_head":"<!-- This site is optimized with the Yoast SEO Premium plugin v27.4 (Yoast SEO v27.4) - https:\/\/yoast.com\/product\/yoast-seo-premium-wordpress\/ -->\n<title>Best Resorts in Cura\u00e7ao Top Places to Stay<\/title>\n<meta name=\"description\" content=\"Find the best resorts in Cura\u00e7ao for comfort, great locations, and easy access to beaches, culture, and island attractions\" \/>\n<meta name=\"robots\" content=\"index, follow, max-snippet:-1, max-image-preview:large, max-video-preview:-1\" \/>\n<link rel=\"canonical\" href=\"https:\/\/drifthotels.com\/es\/nuestra-historia\/\" \/>\n<meta property=\"og:locale\" content=\"es_ES\" \/>\n<meta property=\"og:type\" content=\"article\" \/>\n<meta property=\"og:title\" content=\"Sobre el hotel\" \/>\n<meta property=\"og:description\" content=\"Find the best resorts in Cura\u00e7ao for comfort, great locations, and easy access to beaches, culture, and island attractions\" \/>\n<meta property=\"og:url\" content=\"https:\/\/drifthotels.com\/es\/nuestra-historia\/\" \/>\n<meta property=\"og:site_name\" content=\"Drift Hotels\" \/>\n<meta property=\"article:modified_time\" content=\"2026-03-23T04:44:35+00:00\" \/>\n<meta property=\"og:image\" content=\"https:\/\/drifthotels.com\/wp-content\/uploads\/2026\/01\/PHOTO-2026-01-09-08-54-24-768x467.jpg\" \/>\n<meta name=\"twitter:card\" content=\"summary_large_image\" \/>\n<meta name=\"twitter:label1\" content=\"Tiempo de lectura\" \/>\n\t<meta name=\"twitter:data1\" content=\"3 minutos\" \/>\n<!-- \/ Yoast SEO Premium plugin. -->","yoast_head_json":{"title":"Best Resorts in Cura\u00e7ao Top Places to Stay","description":"Find the best resorts in Cura\u00e7ao for comfort, great locations, and easy access to beaches, culture, and island attractions","robots":{"index":"index","follow":"follow","max-snippet":"max-snippet:-1","max-image-preview":"max-image-preview:large","max-video-preview":"max-video-preview:-1"},"canonical":"https:\/\/drifthotels.com\/es\/nuestra-historia\/","og_locale":"es_ES","og_type":"article","og_title":"Sobre el hotel","og_description":"Find the best resorts in Cura\u00e7ao for comfort, great locations, and easy access to beaches, culture, and island attractions","og_url":"https:\/\/drifthotels.com\/es\/nuestra-historia\/","og_site_name":"Drift Hotels","article_modified_time":"2026-03-23T04:44:35+00:00","og_image":[{"url":"https:\/\/drifthotels.com\/wp-content\/uploads\/2026\/01\/PHOTO-2026-01-09-08-54-24-768x467.jpg","type":"","width":"","height":""}],"twitter_card":"summary_large_image","twitter_misc":{"Tiempo de lectura":"3 minutos"},"schema":{"@context":"https:\/\/schema.org","@graph":[{"@type":"WebPage","@id":"https:\/\/drifthotels.com\/es\/nuestra-historia\/","url":"https:\/\/drifthotels.com\/es\/nuestra-historia\/","name":"Best Resorts in Cura\u00e7ao Top Places to Stay","isPartOf":{"@id":"https:\/\/drifthotels.com\/#website"},"primaryImageOfPage":{"@id":"https:\/\/drifthotels.com\/es\/nuestra-historia\/#primaryimage"},"image":{"@id":"https:\/\/drifthotels.com\/es\/nuestra-historia\/#primaryimage"},"thumbnailUrl":"https:\/\/drifthotels.com\/wp-content\/uploads\/2026\/01\/PHOTO-2026-01-09-08-54-24-768x467.jpg","datePublished":"2023-03-17T07:55:12+00:00","dateModified":"2026-03-23T04:44:35+00:00","description":"Find the best resorts in Cura\u00e7ao for comfort, great locations, and easy access to beaches, culture, and island attractions","breadcrumb":{"@id":"https:\/\/drifthotels.com\/es\/nuestra-historia\/#breadcrumb"},"inLanguage":"es","potentialAction":[{"@type":"ReadAction","target":["https:\/\/drifthotels.com\/es\/nuestra-historia\/"]}]},{"@type":"ImageObject","inLanguage":"es","@id":"https:\/\/drifthotels.com\/es\/nuestra-historia\/#primaryimage","url":"https:\/\/drifthotels.com\/wp-content\/uploads\/2026\/01\/PHOTO-2026-01-09-08-54-24-768x467.jpg","contentUrl":"https:\/\/drifthotels.com\/wp-content\/uploads\/2026\/01\/PHOTO-2026-01-09-08-54-24-768x467.jpg"},{"@type":"BreadcrumbList","@id":"https:\/\/drifthotels.com\/es\/nuestra-historia\/#breadcrumb","itemListElement":[{"@type":"ListItem","position":1,"name":"Home","item":"https:\/\/drifthotels.com\/"},{"@type":"ListItem","position":2,"name":"Sobre el hotel"}]},{"@type":"WebSite","@id":"https:\/\/drifthotels.com\/#website","url":"https:\/\/drifthotels.com\/","name":"Drift Hotels","description":"STAY. CONNECT. DRIFT.","publisher":{"@id":"https:\/\/drifthotels.com\/#organization"},"potentialAction":[{"@type":"SearchAction","target":{"@type":"EntryPoint","urlTemplate":"https:\/\/drifthotels.com\/?s={search_term_string}"},"query-input":{"@type":"PropertyValueSpecification","valueRequired":true,"valueName":"search_term_string"}}],"inLanguage":"es"},{"@type":"Organization","@id":"https:\/\/drifthotels.com\/#organization","name":"Drift Hotels","url":"https:\/\/drifthotels.com\/","logo":{"@type":"ImageObject","inLanguage":"es","@id":"https:\/\/drifthotels.com\/#\/schema\/logo\/image\/","url":"https:\/\/drifthotels.com\/wp-content\/uploads\/2024\/12\/cropped-drift-logo.png","contentUrl":"https:\/\/drifthotels.com\/wp-content\/uploads\/2024\/12\/cropped-drift-logo.png","width":2203,"height":673,"caption":"Drift Hotels"},"image":{"@id":"https:\/\/drifthotels.com\/#\/schema\/logo\/image\/"}}]}},"_links":{"self":[{"href":"https:\/\/drifthotels.com\/es\/wp-json\/wp\/v2\/pages\/6325","targetHints":{"allow":["GET"]}}],"collection":[{"href":"https:\/\/drifthotels.com\/es\/wp-json\/wp\/v2\/pages"}],"about":[{"href":"https:\/\/drifthotels.com\/es\/wp-json\/wp\/v2\/types\/page"}],"author":[{"embeddable":true,"href":"https:\/\/drifthotels.com\/es\/wp-json\/wp\/v2\/users\/1"}],"replies":[{"embeddable":true,"href":"https:\/\/drifthotels.com\/es\/wp-json\/wp\/v2\/comments?post=6325"}],"version-history":[{"count":2,"href":"https:\/\/drifthotels.com\/es\/wp-json\/wp\/v2\/pages\/6325\/revisions"}],"predecessor-version":[{"id":7029,"href":"https:\/\/drifthotels.com\/es\/wp-json\/wp\/v2\/pages\/6325\/revisions\/7029"}],"wp:attachment":[{"href":"https:\/\/drifthotels.com\/es\/wp-json\/wp\/v2\/media?parent=6325"}],"curies":[{"name":"wp","href":"https:\/\/api.w.org\/{rel}","templated":true}]}}